{"id":10,"date":"2023-12-28T00:07:22","date_gmt":"2023-12-27T23:07:22","guid":{"rendered":"https:\/\/wp.ingrid-yoga.es\/?page_id=10"},"modified":"2025-09-13T19:18:58","modified_gmt":"2025-09-13T17:18:58","slug":"workshops","status":"publish","type":"page","link":"https:\/\/prana-lifestyle.com\/de\/workshops\/","title":{"rendered":"Workshops"},"content":{"rendered":"\n<div class=\"wp-block-group alignfull is-layout-flow wp-block-group-is-layout-flow\">\n<h1 class=\"wp-block-heading has-text-align-center is-style-asterisk has-custom-color-1-color has-text-color has-link-color has-x-large-font-size wp-elements-6daa0f110cddcd45fb65198caeb76d51\" style=\"margin-top:var(--wp--preset--spacing--20);margin-bottom:var(--wp--preset--spacing--20)\">Finde den passenden Workshop f\u00fcr dich.<\/h1>\n\n\n\n<div style=\"height:1.25rem\" aria-hidden=\"true\" class=\"wp-block-spacer\"><\/div>\n\n\n\n<div class=\"wp-block-group alignfull has-global-padding is-layout-constrained wp-container-core-group-is-layout-b25ccd55 wp-block-group-is-layout-constrained\" style=\"margin-top:0;margin-bottom:0;padding-top:var(--wp--preset--spacing--50);padding-right:var(--wp--preset--spacing--50);padding-bottom:var(--wp--preset--spacing--50);padding-left:var(--wp--preset--spacing--50)\">\n<div class=\"wp-block-columns alignwide is-layout-flex wp-container-core-columns-is-layout-ff4b9c61 wp-block-columns-is-layout-flex\" style=\"margin-top:0;margin-bottom:0\">\n<div class=\"wp-block-column is-layout-flow wp-container-core-column-is-layout-8a368f38 wp-block-column-is-layout-flow\">\n<figure class=\"wp-block-image size-large is-resized is-style-rounded wp-duotone-unset-2 is-style-rounded--1\"><img loading=\"lazy\" decoding=\"async\" width=\"1024\" height=\"683\" src=\"https:\/\/prana-lifestyle.com\/wp-content\/uploads\/2025\/09\/74A4767-1024x683.jpg\" alt=\"\" class=\"wp-image-1359\" style=\"aspect-ratio:1;object-fit:cover;width:429px;height:auto\" srcset=\"https:\/\/prana-lifestyle.com\/wp-content\/uploads\/2025\/09\/74A4767-1024x683.jpg 1024w, https:\/\/prana-lifestyle.com\/wp-content\/uploads\/2025\/09\/74A4767-300x200.jpg 300w, https:\/\/prana-lifestyle.com\/wp-content\/uploads\/2025\/09\/74A4767-768x512.jpg 768w, https:\/\/prana-lifestyle.com\/wp-content\/uploads\/2025\/09\/74A4767-1536x1024.jpg 1536w, https:\/\/prana-lifestyle.com\/wp-content\/uploads\/2025\/09\/74A4767-2048x1365.jpg 2048w, https:\/\/prana-lifestyle.com\/wp-content\/uploads\/2025\/09\/74A4767-18x12.jpg 18w\" sizes=\"auto, (max-width: 1024px) 100vw, 1024px\" \/><\/figure>\n\n\n\n<div style=\"height:var(--wp--preset--spacing--50)\" aria-hidden=\"true\" class=\"wp-block-spacer\"><\/div>\n\n\n\n<figure class=\"wp-block-image size-full is-style-rounded wp-duotone-unset-4 is-style-rounded--3\"><img loading=\"lazy\" decoding=\"async\" width=\"1024\" height=\"683\" src=\"https:\/\/prana-lifestyle.com\/wp-content\/uploads\/2024\/06\/Pranatal-14.jpg\" alt=\"Zwei Frauen \" class=\"wp-image-797\" srcset=\"https:\/\/prana-lifestyle.com\/wp-content\/uploads\/2024\/06\/Pranatal-14.jpg 1024w, https:\/\/prana-lifestyle.com\/wp-content\/uploads\/2024\/06\/Pranatal-14-300x200.jpg 300w, https:\/\/prana-lifestyle.com\/wp-content\/uploads\/2024\/06\/Pranatal-14-768x512.jpg 768w, https:\/\/prana-lifestyle.com\/wp-content\/uploads\/2024\/06\/Pranatal-14-18x12.jpg 18w\" sizes=\"auto, (max-width: 1024px) 100vw, 1024px\" \/><\/figure>\n<\/div>\n\n\n\n<div class=\"wp-block-column is-layout-flow wp-container-core-column-is-layout-8a368f38 wp-block-column-is-layout-flow\">\n<div style=\"height:var(--wp--preset--spacing--50)\" aria-hidden=\"true\" class=\"wp-block-spacer\"><\/div>\n\n\n\n<figure class=\"wp-block-image size-full is-style-rounded wp-duotone-unset-6 is-style-rounded--5\"><img loading=\"lazy\" decoding=\"async\" width=\"2560\" height=\"1706\" src=\"https:\/\/prana-lifestyle.com\/wp-content\/uploads\/2025\/09\/74A4928-scaled.jpg\" alt=\"\" class=\"wp-image-1360\" style=\"aspect-ratio:1;object-fit:cover\" srcset=\"https:\/\/prana-lifestyle.com\/wp-content\/uploads\/2025\/09\/74A4928-scaled.jpg 2560w, https:\/\/prana-lifestyle.com\/wp-content\/uploads\/2025\/09\/74A4928-300x200.jpg 300w, https:\/\/prana-lifestyle.com\/wp-content\/uploads\/2025\/09\/74A4928-1024x683.jpg 1024w, https:\/\/prana-lifestyle.com\/wp-content\/uploads\/2025\/09\/74A4928-768x512.jpg 768w, https:\/\/prana-lifestyle.com\/wp-content\/uploads\/2025\/09\/74A4928-1536x1024.jpg 1536w, https:\/\/prana-lifestyle.com\/wp-content\/uploads\/2025\/09\/74A4928-2048x1365.jpg 2048w, https:\/\/prana-lifestyle.com\/wp-content\/uploads\/2025\/09\/74A4928-18x12.jpg 18w\" sizes=\"auto, (max-width: 2560px) 100vw, 2560px\" \/><\/figure>\n\n\n\n<div style=\"height:var(--wp--preset--spacing--50)\" aria-hidden=\"true\" class=\"wp-block-spacer\"><\/div>\n\n\n\n<figure class=\"wp-block-image size-full is-style-rounded wp-duotone-unset-8 is-style-rounded--7\"><img loading=\"lazy\" decoding=\"async\" width=\"2560\" height=\"1707\" src=\"https:\/\/prana-lifestyle.com\/wp-content\/uploads\/2025\/09\/74A4913-scaled.jpg\" alt=\"\" class=\"wp-image-1362\" style=\"aspect-ratio:1;object-fit:cover\" srcset=\"https:\/\/prana-lifestyle.com\/wp-content\/uploads\/2025\/09\/74A4913-scaled.jpg 2560w, https:\/\/prana-lifestyle.com\/wp-content\/uploads\/2025\/09\/74A4913-300x200.jpg 300w, https:\/\/prana-lifestyle.com\/wp-content\/uploads\/2025\/09\/74A4913-1024x683.jpg 1024w, https:\/\/prana-lifestyle.com\/wp-content\/uploads\/2025\/09\/74A4913-768x512.jpg 768w, https:\/\/prana-lifestyle.com\/wp-content\/uploads\/2025\/09\/74A4913-1536x1024.jpg 1536w, https:\/\/prana-lifestyle.com\/wp-content\/uploads\/2025\/09\/74A4913-2048x1365.jpg 2048w, https:\/\/prana-lifestyle.com\/wp-content\/uploads\/2025\/09\/74A4913-18x12.jpg 18w\" sizes=\"auto, (max-width: 2560px) 100vw, 2560px\" \/><\/figure>\n<\/div>\n<\/div>\n<\/div>\n\n\n\n<div class=\"wp-block-group alignfull has-custom-color-2-background-color has-background has-global-padding is-layout-constrained wp-container-core-group-is-layout-669513ed wp-block-group-is-layout-constrained\" style=\"margin-top:0;margin-bottom:0;padding-top:var(--wp--preset--spacing--50);padding-right:var(--wp--preset--spacing--50);padding-bottom:var(--wp--preset--spacing--50);padding-left:var(--wp--preset--spacing--50)\">\n<div class=\"wp-block-group alignwide is-vertical is-content-justification-center is-layout-flex wp-container-core-group-is-layout-b939bff0 wp-block-group-is-layout-flex\">\n<h2 class=\"wp-block-heading has-text-align-center is-style-default\" style=\"padding-top:0;padding-bottom:0\">Ich lade dich ein neue Erfahrungen zu machen<\/h2>\n\n\n\n<p class=\"has-large-font-size\">Workshops online und vor Ort <\/p>\n<\/div>\n\n\n\n<div class=\"wp-block-columns alignwide is-layout-flex wp-container-core-columns-is-layout-d0bbbce0 wp-block-columns-is-layout-flex\">\n<div class=\"wp-block-column is-layout-flow wp-container-core-column-is-layout-e3d1c41b wp-block-column-is-layout-flow\">\n<h3 class=\"wp-block-heading has-text-align-left is-style-asterisk has-body-font-family has-medium-font-size\" style=\"font-style:normal;font-weight:600\"><a href=\"https:\/\/prana-lifestyle.com\/yoga\/\">Yoga<\/a> &amp; <a href=\"https:\/\/www.instagram.com\/janestean\/\" target=\"_blank\" rel=\"noreferrer noopener\">Sexualit\u00e4t<\/a><\/h3>\n\n\n\n<p class=\"has-text-align-left\"> Magst du Yoga und m\u00f6chtest die Gemeinsamkeiten zu Sexualit\u00e4t und Lust erfahren?<\/p>\n\n\n\n<p class=\"has-text-align-left\">Dann mache mit an unserem Workshop, wo wir \u00dcbungen und Theorie mit sexologischen Studien verbinden.<\/p>\n<\/div>\n\n\n\n<div class=\"wp-block-column is-layout-flow wp-container-core-column-is-layout-e3d1c41b wp-block-column-is-layout-flow\">\n<h3 class=\"wp-block-heading has-text-align-left is-style-asterisk has-body-font-family has-medium-font-size\" style=\"font-style:normal;font-weight:600\">Yin Yoga &amp; Chakras<\/h3>\n\n\n\n<p class=\"has-text-align-left\">Wir wollen durch Hilfe von Yin Yoga uns mit den sieben Chakras in Verbindung setzen. <\/p>\n\n\n\n<p>Nehme an dieser Reise durch deinen K\u00f6rper teil.<\/p>\n<\/div>\n\n\n\n<div class=\"wp-block-column is-layout-flow wp-container-core-column-is-layout-e3d1c41b wp-block-column-is-layout-flow\">\n<h3 class=\"wp-block-heading has-text-align-left is-style-asterisk has-body-font-family has-medium-font-size\" style=\"font-style:normal;font-weight:600\">Detox<\/h3>\n\n\n\n<p class=\"has-text-align-left\">Reinige deinen K\u00f6rper nach der langen Winterpause.<\/p>\n\n\n\n<p>Der Fr\u00fchjahrsputz f\u00fcr deinen K\u00f6rper, der dir neue Energie bringt, in weniger als einem Monat.<\/p>\n<\/div>\n<\/div>\n\n\n\n<div style=\"height:var(--wp--preset--spacing--20)\" aria-hidden=\"true\" class=\"wp-block-spacer\"><\/div>\n\n\n\n<div class=\"wp-block-columns alignwide is-layout-flex wp-container-core-columns-is-layout-d0bbbce0 wp-block-columns-is-layout-flex\">\n<div class=\"wp-block-column is-layout-flow wp-container-core-column-is-layout-e3d1c41b wp-block-column-is-layout-flow\">\n<h3 class=\"wp-block-heading has-text-align-left is-style-asterisk has-body-font-family has-medium-font-size\" style=\"font-style:normal;font-weight:600\">Die vier Jahreszeiten<\/h3>\n\n\n\n<p class=\"has-text-align-left\">Die vier Jahreszeiten, ist ein Rhythmus, ein Zyklus. Schauen wir uns diese gemeinsam an, um unserem K\u00f6rper und Geist passend zu st\u00e4rken.<\/p>\n<\/div>\n\n\n\n<div class=\"wp-block-column is-layout-flow wp-container-core-column-is-layout-e3d1c41b wp-block-column-is-layout-flow\">\n<h3 class=\"wp-block-heading has-text-align-left is-style-asterisk has-body-font-family has-medium-font-size\" style=\"font-style:normal;font-weight:600\"><a href=\"https:\/\/prana-lifestyle.com\/prenatal-postnatal-yoga\/\">Pr\u00e4natal Yoga<\/a> &amp; Yoga Nidra<\/h3>\n\n\n\n<p class=\"has-text-align-left\">Nimm dir Zeit f\u00fcr dich, um deinen K\u00f6rper zu st\u00e4rken und zu entspannen.<\/p>\n\n\n\n<p>Lass deinen Alltag hinter dir und verbinde dich mit deinem K\u00f6rper &amp; Kind.<\/p>\n<\/div>\n\n\n\n<div class=\"wp-block-column is-layout-flow wp-container-core-column-is-layout-e3d1c41b wp-block-column-is-layout-flow\">\n<h3 class=\"wp-block-heading has-text-align-left is-style-asterisk has-body-font-family has-medium-font-size\" style=\"font-style:normal;font-weight:600\">Freies Bewegen\/Tanzen<\/h3>\n\n\n\n<p class=\"has-text-align-left\">Lass deinem K\u00f6rper und deiner Energie freien Lauf. Bewege dich zum Rhythmus der Musik, so wie es sich f\u00fcr dich gut anf\u00fchlt. <\/p>\n<\/div>\n<\/div>\n\n\n\n<div style=\"height:39px\" aria-hidden=\"true\" class=\"wp-block-spacer\"><\/div>\n\n\n\n<div class=\"wp-block-buttons alignfull is-vertical is-content-justification-center is-layout-flex wp-container-core-buttons-is-layout-f65e7f34 wp-block-buttons-is-layout-flex\" style=\"margin-top:var(--wp--preset--spacing--30);margin-bottom:var(--wp--preset--spacing--30)\">\n<div class=\"wp-block-button\"><a class=\"wp-block-button__link wp-element-button\" href=\"https:\/\/app.youform.com\/forms\/nstkcosv\" style=\"padding-top:var(--wp--preset--spacing--10);padding-bottom:var(--wp--preset--spacing--10)\" target=\"_blank\" rel=\"noreferrer noopener\">Ich bin interessiert<\/a><\/div>\n<\/div>\n<\/div>\n<\/div>\n","protected":false},"excerpt":{"rendered":"<p>Finde den passenden Workshop f\u00fcr dich. Ich lade dich ein neue Erfahrungen zu machen Workshops online und vor Ort Yoga &amp; Sexualit\u00e4t Magst du Yoga und m\u00f6chtest die Gemeinsamkeiten zu Sexualit\u00e4t und Lust erfahren? Dann mache mit an unserem Workshop, wo wir \u00dcbungen und Theorie mit sexologischen Studien verbinden. Yin Yoga &amp; Chakras Wir wollen [&hellip;]<\/p>\n","protected":false},"author":1,"featured_media":0,"parent":0,"menu_order":0,"comment_status":"closed","ping_status":"closed","template":"","meta":{"footnotes":""},"class_list":["post-10","page","type-page","status-publish","hentry"],"yoast_head":"<!-- This site is optimized with the Yoast SEO plugin v24.5 - https:\/\/yoast.com\/wordpress\/plugins\/seo\/ -->\n<title>Workshops -<\/title>\n<meta name=\"description\" content=\"M\u00f6chtest du dein Wissen \u00fcber Yoga vertiefen? Neues Kennenlernen? Finde den passenden Workshop f\u00fcr dich. Online oder in Barcelona.\" \/>\n<meta name=\"robots\" content=\"index, follow, max-snippet:-1, max-image-preview:large, max-video-preview:-1\" \/>\n<link rel=\"canonical\" href=\"https:\/\/prana-lifestyle.com\/de\/workshops\/\" \/>\n<meta property=\"og:locale\" content=\"de_DE\" \/>\n<meta property=\"og:type\" content=\"article\" \/>\n<meta property=\"og:title\" content=\"Workshops -\" \/>\n<meta property=\"og:description\" content=\"M\u00f6chtest du dein Wissen \u00fcber Yoga vertiefen? Neues Kennenlernen? Finde den passenden Workshop f\u00fcr dich. Online oder in Barcelona.\" \/>\n<meta property=\"og:url\" content=\"https:\/\/prana-lifestyle.com\/de\/workshops\/\" \/>\n<meta property=\"article:modified_time\" content=\"2025-09-13T17:18:58+00:00\" \/>\n<meta property=\"og:image\" content=\"https:\/\/prana-lifestyle.com\/wp-content\/uploads\/2025\/09\/74A4767-scaled.jpg\" \/>\n\t<meta property=\"og:image:width\" content=\"2560\" \/>\n\t<meta property=\"og:image:height\" content=\"1706\" \/>\n\t<meta property=\"og:image:type\" content=\"image\/jpeg\" \/>\n<meta name=\"twitter:card\" content=\"summary_large_image\" \/>\n<meta name=\"twitter:label1\" content=\"Gesch\u00e4tzte Lesezeit\" \/>\n\t<meta name=\"twitter:data1\" content=\"2\u00a0Minuten\" \/>\n<script type=\"application\/ld+json\" class=\"yoast-schema-graph\">{\"@context\":\"https:\/\/schema.org\",\"@graph\":[{\"@type\":\"WebPage\",\"@id\":\"https:\/\/prana-lifestyle.com\/workshops\/\",\"url\":\"https:\/\/prana-lifestyle.com\/workshops\/\",\"name\":\"Workshops -\",\"isPartOf\":{\"@id\":\"https:\/\/prana-lifestyle.com\/#website\"},\"primaryImageOfPage\":{\"@id\":\"https:\/\/prana-lifestyle.com\/workshops\/#primaryimage\"},\"image\":{\"@id\":\"https:\/\/prana-lifestyle.com\/workshops\/#primaryimage\"},\"thumbnailUrl\":\"https:\/\/prana-lifestyle.com\/wp-content\/uploads\/2025\/09\/74A4767-1024x683.jpg\",\"datePublished\":\"2023-12-27T23:07:22+00:00\",\"dateModified\":\"2025-09-13T17:18:58+00:00\",\"description\":\"M\u00f6chtest du dein Wissen \u00fcber Yoga vertiefen? Neues Kennenlernen? Finde den passenden Workshop f\u00fcr dich. Online oder in Barcelona.\",\"inLanguage\":\"de\",\"potentialAction\":[{\"@type\":\"ReadAction\",\"target\":[\"https:\/\/prana-lifestyle.com\/workshops\/\"]}]},{\"@type\":\"ImageObject\",\"inLanguage\":\"de\",\"@id\":\"https:\/\/prana-lifestyle.com\/workshops\/#primaryimage\",\"url\":\"https:\/\/prana-lifestyle.com\/wp-content\/uploads\/2025\/09\/74A4767-1024x683.jpg\",\"contentUrl\":\"https:\/\/prana-lifestyle.com\/wp-content\/uploads\/2025\/09\/74A4767-1024x683.jpg\"},{\"@type\":\"WebSite\",\"@id\":\"https:\/\/prana-lifestyle.com\/#website\",\"url\":\"https:\/\/prana-lifestyle.com\/\",\"name\":\"\u092a\u094d\u0930\u093e\u0923 - Prana Lifestyle\",\"description\":\"Yoga, workshops, meditation in Barcelona &amp; online\",\"publisher\":{\"@id\":\"https:\/\/prana-lifestyle.com\/#organization\"},\"potentialAction\":[{\"@type\":\"SearchAction\",\"target\":{\"@type\":\"EntryPoint\",\"urlTemplate\":\"https:\/\/prana-lifestyle.com\/?s={search_term_string}\"},\"query-input\":{\"@type\":\"PropertyValueSpecification\",\"valueRequired\":true,\"valueName\":\"search_term_string\"}}],\"inLanguage\":\"de\"},{\"@type\":\"Organization\",\"@id\":\"https:\/\/prana-lifestyle.com\/#organization\",\"name\":\"Prana Lifestyle\",\"url\":\"https:\/\/prana-lifestyle.com\/\",\"logo\":{\"@type\":\"ImageObject\",\"inLanguage\":\"de\",\"@id\":\"https:\/\/prana-lifestyle.com\/#\/schema\/logo\/image\/\",\"url\":\"https:\/\/prana-lifestyle.com\/wp-content\/uploads\/2023\/12\/Logo-PNG-39.png\",\"contentUrl\":\"https:\/\/prana-lifestyle.com\/wp-content\/uploads\/2023\/12\/Logo-PNG-39.png\",\"width\":1173,\"height\":337,\"caption\":\"Prana Lifestyle\"},\"image\":{\"@id\":\"https:\/\/prana-lifestyle.com\/#\/schema\/logo\/image\/\"},\"sameAs\":[\"https:\/\/www.instagram.com\/prana_lifestyle_barcelona\"]}]}<\/script>\n<!-- \/ Yoast SEO plugin. -->","yoast_head_json":{"title":"Workshops -","description":"M\u00f6chtest du dein Wissen \u00fcber Yoga vertiefen? Neues Kennenlernen? Finde den passenden Workshop f\u00fcr dich. Online oder in Barcelona.","robots":{"index":"index","follow":"follow","max-snippet":"max-snippet:-1","max-image-preview":"max-image-preview:large","max-video-preview":"max-video-preview:-1"},"canonical":"https:\/\/prana-lifestyle.com\/de\/workshops\/","og_locale":"de_DE","og_type":"article","og_title":"Workshops -","og_description":"M\u00f6chtest du dein Wissen \u00fcber Yoga vertiefen? Neues Kennenlernen? Finde den passenden Workshop f\u00fcr dich. Online oder in Barcelona.","og_url":"https:\/\/prana-lifestyle.com\/de\/workshops\/","article_modified_time":"2025-09-13T17:18:58+00:00","og_image":[{"width":2560,"height":1706,"url":"https:\/\/prana-lifestyle.com\/wp-content\/uploads\/2025\/09\/74A4767-scaled.jpg","type":"image\/jpeg"}],"twitter_card":"summary_large_image","twitter_misc":{"Gesch\u00e4tzte Lesezeit":"2\u00a0Minuten"},"schema":{"@context":"https:\/\/schema.org","@graph":[{"@type":"WebPage","@id":"https:\/\/prana-lifestyle.com\/workshops\/","url":"https:\/\/prana-lifestyle.com\/workshops\/","name":"Workshops -","isPartOf":{"@id":"https:\/\/prana-lifestyle.com\/#website"},"primaryImageOfPage":{"@id":"https:\/\/prana-lifestyle.com\/workshops\/#primaryimage"},"image":{"@id":"https:\/\/prana-lifestyle.com\/workshops\/#primaryimage"},"thumbnailUrl":"https:\/\/prana-lifestyle.com\/wp-content\/uploads\/2025\/09\/74A4767-1024x683.jpg","datePublished":"2023-12-27T23:07:22+00:00","dateModified":"2025-09-13T17:18:58+00:00","description":"M\u00f6chtest du dein Wissen \u00fcber Yoga vertiefen? Neues Kennenlernen? Finde den passenden Workshop f\u00fcr dich. Online oder in Barcelona.","inLanguage":"de","potentialAction":[{"@type":"ReadAction","target":["https:\/\/prana-lifestyle.com\/workshops\/"]}]},{"@type":"ImageObject","inLanguage":"de","@id":"https:\/\/prana-lifestyle.com\/workshops\/#primaryimage","url":"https:\/\/prana-lifestyle.com\/wp-content\/uploads\/2025\/09\/74A4767-1024x683.jpg","contentUrl":"https:\/\/prana-lifestyle.com\/wp-content\/uploads\/2025\/09\/74A4767-1024x683.jpg"},{"@type":"WebSite","@id":"https:\/\/prana-lifestyle.com\/#website","url":"https:\/\/prana-lifestyle.com\/","name":"\u092a\u094d\u0930\u093e\u0923 - Prana Lifestyle","description":"Yoga, workshops, meditation in Barcelona &amp; online","publisher":{"@id":"https:\/\/prana-lifestyle.com\/#organization"},"potentialAction":[{"@type":"SearchAction","target":{"@type":"EntryPoint","urlTemplate":"https:\/\/prana-lifestyle.com\/?s={search_term_string}"},"query-input":{"@type":"PropertyValueSpecification","valueRequired":true,"valueName":"search_term_string"}}],"inLanguage":"de"},{"@type":"Organization","@id":"https:\/\/prana-lifestyle.com\/#organization","name":"Prana Lifestyle","url":"https:\/\/prana-lifestyle.com\/","logo":{"@type":"ImageObject","inLanguage":"de","@id":"https:\/\/prana-lifestyle.com\/#\/schema\/logo\/image\/","url":"https:\/\/prana-lifestyle.com\/wp-content\/uploads\/2023\/12\/Logo-PNG-39.png","contentUrl":"https:\/\/prana-lifestyle.com\/wp-content\/uploads\/2023\/12\/Logo-PNG-39.png","width":1173,"height":337,"caption":"Prana Lifestyle"},"image":{"@id":"https:\/\/prana-lifestyle.com\/#\/schema\/logo\/image\/"},"sameAs":["https:\/\/www.instagram.com\/prana_lifestyle_barcelona"]}]}},"_links":{"self":[{"href":"https:\/\/prana-lifestyle.com\/de\/wp-json\/wp\/v2\/pages\/10","targetHints":{"allow":["GET"]}}],"collection":[{"href":"https:\/\/prana-lifestyle.com\/de\/wp-json\/wp\/v2\/pages"}],"about":[{"href":"https:\/\/prana-lifestyle.com\/de\/wp-json\/wp\/v2\/types\/page"}],"author":[{"embeddable":true,"href":"https:\/\/prana-lifestyle.com\/de\/wp-json\/wp\/v2\/users\/1"}],"replies":[{"embeddable":true,"href":"https:\/\/prana-lifestyle.com\/de\/wp-json\/wp\/v2\/comments?post=10"}],"version-history":[{"count":81,"href":"https:\/\/prana-lifestyle.com\/de\/wp-json\/wp\/v2\/pages\/10\/revisions"}],"predecessor-version":[{"id":1364,"href":"https:\/\/prana-lifestyle.com\/de\/wp-json\/wp\/v2\/pages\/10\/revisions\/1364"}],"wp:attachment":[{"href":"https:\/\/prana-lifestyle.com\/de\/wp-json\/wp\/v2\/media?parent=10"}],"curies":[{"name":"wp","href":"https:\/\/api.w.org\/{rel}","templated":true}]}}