{"id":1155,"date":"2025-03-01T19:26:36","date_gmt":"2025-03-01T18:26:36","guid":{"rendered":"https:\/\/prana-lifestyle.com\/?page_id=1155"},"modified":"2026-01-25T19:29:48","modified_gmt":"2026-01-25T18:29:48","slug":"preise-stundenplan","status":"publish","type":"page","link":"https:\/\/prana-lifestyle.com\/de\/preise-stundenplan\/","title":{"rendered":"Preise &amp; Zeiten"},"content":{"rendered":"\n<div class=\"wp-block-cover alignfull has-parallax has-small-font-size wp-elements-02c92477109daee2e38b42e68d4e7353\" style=\"padding-top:var(--wp--preset--spacing--30);padding-right:0;padding-bottom:var(--wp--preset--spacing--30);padding-left:0\"><div class=\"wp-block-cover__image-background wp-image-1350 size-full has-parallax\" style=\"background-position:50% 50%;background-image:url(https:\/\/prana-lifestyle.com\/wp-content\/uploads\/2025\/09\/74A4866-1.jpg)\"><\/div><span aria-hidden=\"true\" class=\"wp-block-cover__background has-background-dim\" style=\"background-color:#655047\"><\/span><div class=\"wp-block-cover__inner-container has-global-padding is-layout-constrained wp-container-core-cover-is-layout-ea8482c2 wp-block-cover-is-layout-constrained\">\n<h1 class=\"wp-block-heading alignwide has-text-align-center is-style-asterisk has-custom-color-3-color has-text-color has-link-color has-x-large-font-size wp-elements-6ef8ace68249b20c07ccb200bd0c8937\">Finde die passende Preise &amp; Zeiten f\u00fcr dich. <\/h1>\n<\/div><\/div>\n\n\n\n<div class=\"wp-block-group alignfull has-global-padding is-layout-constrained wp-container-core-group-is-layout-669513ed wp-block-group-is-layout-constrained\" style=\"margin-top:0;margin-bottom:0;padding-top:var(--wp--preset--spacing--50);padding-right:var(--wp--preset--spacing--50);padding-bottom:var(--wp--preset--spacing--50);padding-left:var(--wp--preset--spacing--50)\">\n<div class=\"wp-block-group alignwide has-custom-color-5-background-color has-background has-global-padding is-layout-constrained wp-container-core-group-is-layout-a151063b wp-block-group-is-layout-constrained\" style=\"border-radius:16px;padding-top:var(--wp--preset--spacing--50);padding-right:var(--wp--preset--spacing--40);padding-bottom:var(--wp--preset--spacing--50);padding-left:var(--wp--preset--spacing--40)\">\n<div class=\"wp-block-group alignwide is-vertical is-content-justification-stretch is-layout-flex wp-container-core-group-is-layout-353c4f5a wp-block-group-is-layout-flex\">\n<p class=\"has-text-align-center is-style-asterisk has-large-font-size\">Preise f\u00fcr online Yoga &amp; Meditation<\/p>\n<\/div>\n\n\n\n<div style=\"height:var(--wp--preset--spacing--30)\" aria-hidden=\"true\" class=\"wp-block-spacer\"><\/div>\n\n\n\n<div class=\"wp-block-columns alignwide is-layout-flex wp-container-core-columns-is-layout-06670bbc wp-block-columns-is-layout-flex\">\n<div class=\"wp-block-column is-layout-flow wp-block-column-is-layout-flow\" style=\"border-top-color:var(--wp--preset--color--contrast);border-top-width:2px;padding-top:var(--wp--preset--spacing--30);padding-right:var(--wp--preset--spacing--30);padding-bottom:var(--wp--preset--spacing--10);padding-left:var(--wp--preset--spacing--30)\">\n<h3 class=\"wp-block-heading has-text-align-center\" style=\"font-size:clamp(1.039rem, 1.039rem + ((1vw - 0.2rem) * 0.935), 1.6rem);\"><em>Einzelpreis<\/em><\/h3>\n\n\n\n<h5 class=\"wp-block-heading has-text-align-center has-x-large-font-size\">12 \u20ac<\/h5>\n\n\n\n<div style=\"height:var(--wp--preset--spacing--10)\" aria-hidden=\"true\" class=\"wp-block-spacer\"><\/div>\n\n\n\n<div class=\"wp-block-group is-vertical is-content-justification-stretch is-layout-flex wp-container-core-group-is-layout-353c4f5a wp-block-group-is-layout-flex\">\n<p class=\"has-text-align-center\">60 Minuten Meditation<\/p>\n\n\n\n<hr class=\"wp-block-separator has-text-color has-custom-color-1-color has-alpha-channel-opacity has-custom-color-1-background-color has-background is-style-wide\"\/>\n\n\n\n<p class=\"has-text-align-center\">F\u00fcr den Moment<\/p>\n\n\n\n<div class=\"wp-block-buttons is-content-justification-center is-layout-flex wp-container-core-buttons-is-layout-a89b3969 wp-block-buttons-is-layout-flex\">\n<div class=\"wp-block-button\"><a class=\"wp-block-button__link has-custom-color-3-color has-custom-color-1-background-color has-text-color has-background has-link-color has-text-align-center wp-element-button\" href=\"https:\/\/buy.stripe.com\/8wMbLA2of6Ax4GA6oo\" target=\"_blank\" rel=\"noreferrer noopener\">Anmelden<\/a><\/div>\n<\/div>\n<\/div>\n<\/div>\n\n\n\n<div class=\"wp-block-column is-layout-flow wp-block-column-is-layout-flow\" style=\"border-top-color:var(--wp--preset--color--contrast);border-top-width:2px;padding-top:var(--wp--preset--spacing--30);padding-right:var(--wp--preset--spacing--30);padding-bottom:var(--wp--preset--spacing--10);padding-left:var(--wp--preset--spacing--30)\">\n<h3 class=\"wp-block-heading has-text-align-center\" style=\"font-size:clamp(0.929rem, 0.929rem + ((1vw - 0.2rem) * 0.785), 1.4rem);\"><em>Einzelstunde<\/em><\/h3>\n\n\n\n<h5 class=\"wp-block-heading has-text-align-center has-x-large-font-size\">15 \u20ac<\/h5>\n\n\n\n<div style=\"height:var(--wp--preset--spacing--10)\" aria-hidden=\"true\" class=\"wp-block-spacer\"><\/div>\n\n\n\n<div class=\"wp-block-group is-vertical is-content-justification-stretch is-layout-flex wp-container-core-group-is-layout-353c4f5a wp-block-group-is-layout-flex\">\n<p class=\"has-text-align-center\">60 Minuten Yoga<\/p>\n\n\n\n<hr class=\"wp-block-separator has-text-color has-custom-color-1-color has-alpha-channel-opacity has-custom-color-1-background-color has-background is-style-wide\"\/>\n\n\n\n<p class=\"has-text-align-center\">Perfekt zum Ausprobieren<\/p>\n\n\n\n<hr class=\"wp-block-separator has-text-color has-custom-color-1-color has-alpha-channel-opacity has-custom-color-1-background-color has-background is-style-wide\"\/>\n\n\n\n<p class=\"has-text-align-center\">F\u00fcr jetzt<\/p>\n\n\n\n<div class=\"wp-block-buttons is-content-justification-center is-layout-flex wp-container-core-buttons-is-layout-a89b3969 wp-block-buttons-is-layout-flex\">\n<div class=\"wp-block-button\"><a class=\"wp-block-button__link has-custom-color-3-color has-custom-color-1-background-color has-text-color has-background has-link-color has-text-align-center wp-element-button\" href=\"https:\/\/buy.stripe.com\/14k8zogf5f73a0U289\" target=\"_blank\" rel=\"noreferrer noopener\">Anmelden<\/a><\/div>\n<\/div>\n<\/div>\n<\/div>\n\n\n\n<div class=\"wp-block-column is-layout-flow wp-block-column-is-layout-flow\" style=\"border-top-color:var(--wp--preset--color--contrast);border-top-width:2px;padding-top:var(--wp--preset--spacing--30);padding-right:var(--wp--preset--spacing--30);padding-bottom:var(--wp--preset--spacing--10);padding-left:var(--wp--preset--spacing--30)\">\n<h3 class=\"wp-block-heading has-text-align-center\" style=\"font-size:clamp(1.039rem, 1.039rem + ((1vw - 0.2rem) * 0.935), 1.6rem);\"><em>4 Klassen<\/em><\/h3>\n\n\n\n<h5 class=\"wp-block-heading has-text-align-center has-x-large-font-size\">50 \u20ac<\/h5>\n\n\n\n<div style=\"height:var(--wp--preset--spacing--10)\" aria-hidden=\"true\" class=\"wp-block-spacer\"><\/div>\n\n\n\n<div class=\"wp-block-group is-vertical is-content-justification-stretch is-layout-flex wp-container-core-group-is-layout-353c4f5a wp-block-group-is-layout-flex\">\n<p class=\"has-text-align-center\">60 Minuten Yoga<\/p>\n\n\n\n<hr class=\"wp-block-separator has-text-color has-custom-color-1-color has-alpha-channel-opacity has-custom-color-1-background-color has-background is-style-wide\"\/>\n\n\n\n<p class=\"has-text-align-center\">Spare 16%<\/p>\n\n\n\n<hr class=\"wp-block-separator has-text-color has-custom-color-1-color has-alpha-channel-opacity has-custom-color-1-background-color has-background is-style-wide\"\/>\n\n\n\n<p class=\"has-text-align-center\">Innerhalb von 2 Monaten nutzen<\/p>\n\n\n\n<div class=\"wp-block-buttons is-content-justification-center is-layout-flex wp-container-core-buttons-is-layout-a89b3969 wp-block-buttons-is-layout-flex\">\n<div class=\"wp-block-button\"><a class=\"wp-block-button__link has-custom-color-3-color has-custom-color-1-background-color has-text-color has-background has-link-color has-text-align-center wp-element-button\" href=\"https:\/\/buy.stripe.com\/14kaHw8MD9MJ2ys9AE\" target=\"_blank\" rel=\"noreferrer noopener\">Anmelden<\/a><\/div>\n<\/div>\n<\/div>\n<\/div>\n\n\n\n<div class=\"wp-block-column is-layout-flow wp-block-column-is-layout-flow\" style=\"border-top-color:var(--wp--preset--color--contrast);border-top-width:2px;padding-top:var(--wp--preset--spacing--30);padding-right:var(--wp--preset--spacing--30);padding-bottom:var(--wp--preset--spacing--10);padding-left:var(--wp--preset--spacing--30)\">\n<h3 class=\"wp-block-heading has-text-align-center\" style=\"font-size:clamp(1.039rem, 1.039rem + ((1vw - 0.2rem) * 0.935), 1.6rem);\"><em>10 Klassen<\/em><\/h3>\n\n\n\n<h5 class=\"wp-block-heading has-text-align-center has-x-large-font-size\">120 \u20ac<\/h5>\n\n\n\n<div style=\"height:var(--wp--preset--spacing--10)\" aria-hidden=\"true\" class=\"wp-block-spacer\"><\/div>\n\n\n\n<div class=\"wp-block-group is-vertical is-content-justification-stretch is-layout-flex wp-container-core-group-is-layout-353c4f5a wp-block-group-is-layout-flex\">\n<p class=\"has-text-align-center\">60 Minuten Yoga<\/p>\n\n\n\n<hr class=\"wp-block-separator has-text-color has-custom-color-1-color has-alpha-channel-opacity has-custom-color-1-background-color has-background is-style-wide\"\/>\n\n\n\n<p class=\"has-text-align-center\">Spare 20%&nbsp;<\/p>\n\n\n\n<hr class=\"wp-block-separator has-text-color has-custom-color-1-color has-alpha-channel-opacity has-custom-color-1-background-color has-background is-style-wide\"\/>\n\n\n\n<p class=\"has-text-align-center\">Innerhalb von 4 Monaten nutzen<\/p>\n\n\n\n<div class=\"wp-block-buttons is-content-justification-center is-layout-flex wp-container-core-buttons-is-layout-a89b3969 wp-block-buttons-is-layout-flex\">\n<div class=\"wp-block-button\"><a class=\"wp-block-button__link has-custom-color-3-color has-custom-color-1-background-color has-text-color has-background has-link-color has-text-align-center wp-element-button\" href=\"https:\/\/buy.stripe.com\/7sI2b00g76Ax6OI005\" target=\"_blank\" rel=\"noreferrer noopener\">Anmelden<\/a><\/div>\n<\/div>\n<\/div>\n<\/div>\n<\/div>\n<\/div>\n<\/div>\n\n\n\n<h2 class=\"wp-block-heading has-text-align-center is-style-asterisk\">Stundenplan<\/h2>\n\n\n\n<div style=\"height:100px\" aria-hidden=\"true\" class=\"wp-block-spacer\"><\/div>\n\n\n\n<figure class=\"wp-block-table alignwide is-style-regular has-medium-font-size\"><table class=\"has-custom-color-1-color has-custom-color-5-background-color has-text-color has-background has-link-color has-fixed-layout\" style=\"border-width:23px\"><thead><tr><th>Wann<\/th><th>Uhrzeit<\/th><th>Was<\/th><th>Wo<\/th><\/tr><\/thead><tbody><tr><td>Montag <\/td><td><br>17:30-18:30<br>18:45-19:45<br><\/td><td>Vinyasa<br>Vinyasa<\/td><td><a href=\"https:\/\/www.espaisacra.com\" target=\"_blank\" rel=\"noreferrer noopener\">Espai Sacra-Terrassa<\/a><\/td><\/tr><tr><td>Mittwoch<\/td><td><br>16:00-17:00<br>17:45-18:45<br>19:00-20:00<br><\/td><td><br>Yoga f\u00fcr Anf\u00e4nger<br>Mobilit\u00e4t und Dehnen<br>Yoga Core<br><\/td><td><a href=\"https:\/\/www.espaisacra.com\" target=\"_blank\" rel=\"noreferrer noopener\">Espai Sacra-Terrassa<\/a><br><\/td><\/tr><tr><td>Donnerstag<\/td><td><br>16:50-17:50 <br>18:00-19:00<br>19:15-20:15<br><\/td><td>Yoga f\u00fcr die Menopause<br>Vinyasa<br>Hatha<\/td><td><a href=\"https:\/\/merakiambanima.com\" target=\"_blank\" rel=\"noreferrer noopener\">Meraki &#8211; Terrassa<\/a><br><a href=\"https:\/\/www.espaisacra.com\" target=\"_blank\" rel=\"noreferrer noopener\">Espai Sacra-Terrassa<\/a><\/td><\/tr><tr><td><br>Freitag<br><\/td><td>18:30-19:30<\/td><td>sanftes Hatha Yoga <\/td><td><a href=\"https:\/\/buy.stripe.com\/14k8zogf5f73a0U289\" target=\"_blank\" rel=\"noreferrer noopener\">online<\/a><\/td><\/tr><tr><td><br>Sonntag<br><\/td><td>19:00-20:00<\/td><td>Yoga Nidra &#8211; Meditation<\/td><td><a href=\"https:\/\/buy.stripe.com\/8wMbLA2of6Ax4GA6oo\" target=\"_blank\" rel=\"noreferrer noopener\">online<\/a> &#8211; alle 14 Tage<\/td><\/tr><\/tbody><\/table><\/figure>\n\n\n\n<div style=\"height:100px\" aria-hidden=\"true\" class=\"wp-block-spacer\"><\/div>\n","protected":false},"excerpt":{"rendered":"<p>Preise f\u00fcr online Yoga &amp; Meditation Einzelpreis 12 \u20ac 60 Minuten Meditation F\u00fcr den Moment Einzelstunde 15 \u20ac 60 Minuten Yoga Perfekt zum Ausprobieren F\u00fcr jetzt 4 Klassen 50 \u20ac 60 Minuten Yoga Spare 16% Innerhalb von 2 Monaten nutzen 10 Klassen 120 \u20ac 60 Minuten Yoga Spare 20%&nbsp; Innerhalb von 4 Monaten nutzen Stundenplan [&hellip;]<\/p>\n","protected":false},"author":1,"featured_media":0,"parent":0,"menu_order":0,"comment_status":"closed","ping_status":"closed","template":"","meta":{"footnotes":""},"class_list":["post-1155","page","type-page","status-publish","hentry"],"yoast_head":"<!-- This site is optimized with the Yoast SEO plugin v24.5 - https:\/\/yoast.com\/wordpress\/plugins\/seo\/ -->\n<title>Preise &amp; Zeiten -<\/title>\n<meta name=\"description\" content=\"Finde heraus wann du online oder vor Ort mitmachen kannst. T\u00e4glich Yoga oder Meditation, zu einen fairen Preis.\" \/>\n<meta name=\"robots\" content=\"index, follow, max-snippet:-1, max-image-preview:large, max-video-preview:-1\" \/>\n<link rel=\"canonical\" href=\"https:\/\/prana-lifestyle.com\/de\/preise-stundenplan\/\" \/>\n<meta property=\"og:locale\" content=\"de_DE\" \/>\n<meta property=\"og:type\" content=\"article\" \/>\n<meta property=\"og:title\" content=\"Preise &amp; Zeiten -\" \/>\n<meta property=\"og:description\" content=\"Finde heraus wann du online oder vor Ort mitmachen kannst. T\u00e4glich Yoga oder Meditation, zu einen fairen Preis.\" \/>\n<meta property=\"og:url\" content=\"https:\/\/prana-lifestyle.com\/de\/preise-stundenplan\/\" \/>\n<meta property=\"article:modified_time\" content=\"2026-01-25T18:29:48+00:00\" \/>\n<meta name=\"twitter:card\" content=\"summary_large_image\" \/>\n<meta name=\"twitter:label1\" content=\"Gesch\u00e4tzte Lesezeit\" \/>\n\t<meta name=\"twitter:data1\" content=\"1\u00a0Minute\" \/>\n<script type=\"application\/ld+json\" class=\"yoast-schema-graph\">{\"@context\":\"https:\/\/schema.org\",\"@graph\":[{\"@type\":\"WebPage\",\"@id\":\"https:\/\/prana-lifestyle.com\/preise-stundenplan\/\",\"url\":\"https:\/\/prana-lifestyle.com\/preise-stundenplan\/\",\"name\":\"Preise &amp; Zeiten -\",\"isPartOf\":{\"@id\":\"https:\/\/prana-lifestyle.com\/#website\"},\"datePublished\":\"2025-03-01T18:26:36+00:00\",\"dateModified\":\"2026-01-25T18:29:48+00:00\",\"description\":\"Finde heraus wann du online oder vor Ort mitmachen kannst. T\u00e4glich Yoga oder Meditation, zu einen fairen Preis.\",\"inLanguage\":\"de\",\"potentialAction\":[{\"@type\":\"ReadAction\",\"target\":[\"https:\/\/prana-lifestyle.com\/preise-stundenplan\/\"]}]},{\"@type\":\"WebSite\",\"@id\":\"https:\/\/prana-lifestyle.com\/#website\",\"url\":\"https:\/\/prana-lifestyle.com\/\",\"name\":\"\u092a\u094d\u0930\u093e\u0923 - Prana Lifestyle\",\"description\":\"Yoga, workshops, meditation in Barcelona &amp; online\",\"publisher\":{\"@id\":\"https:\/\/prana-lifestyle.com\/#organization\"},\"potentialAction\":[{\"@type\":\"SearchAction\",\"target\":{\"@type\":\"EntryPoint\",\"urlTemplate\":\"https:\/\/prana-lifestyle.com\/?s={search_term_string}\"},\"query-input\":{\"@type\":\"PropertyValueSpecification\",\"valueRequired\":true,\"valueName\":\"search_term_string\"}}],\"inLanguage\":\"de\"},{\"@type\":\"Organization\",\"@id\":\"https:\/\/prana-lifestyle.com\/#organization\",\"name\":\"Prana Lifestyle\",\"url\":\"https:\/\/prana-lifestyle.com\/\",\"logo\":{\"@type\":\"ImageObject\",\"inLanguage\":\"de\",\"@id\":\"https:\/\/prana-lifestyle.com\/#\/schema\/logo\/image\/\",\"url\":\"https:\/\/prana-lifestyle.com\/wp-content\/uploads\/2023\/12\/Logo-PNG-39.png\",\"contentUrl\":\"https:\/\/prana-lifestyle.com\/wp-content\/uploads\/2023\/12\/Logo-PNG-39.png\",\"width\":1173,\"height\":337,\"caption\":\"Prana Lifestyle\"},\"image\":{\"@id\":\"https:\/\/prana-lifestyle.com\/#\/schema\/logo\/image\/\"},\"sameAs\":[\"https:\/\/www.instagram.com\/prana_lifestyle_barcelona\"]}]}<\/script>\n<!-- \/ Yoast SEO plugin. -->","yoast_head_json":{"title":"Preise &amp; Zeiten -","description":"Finde heraus wann du online oder vor Ort mitmachen kannst. T\u00e4glich Yoga oder Meditation, zu einen fairen Preis.","robots":{"index":"index","follow":"follow","max-snippet":"max-snippet:-1","max-image-preview":"max-image-preview:large","max-video-preview":"max-video-preview:-1"},"canonical":"https:\/\/prana-lifestyle.com\/de\/preise-stundenplan\/","og_locale":"de_DE","og_type":"article","og_title":"Preise &amp; Zeiten -","og_description":"Finde heraus wann du online oder vor Ort mitmachen kannst. T\u00e4glich Yoga oder Meditation, zu einen fairen Preis.","og_url":"https:\/\/prana-lifestyle.com\/de\/preise-stundenplan\/","article_modified_time":"2026-01-25T18:29:48+00:00","twitter_card":"summary_large_image","twitter_misc":{"Gesch\u00e4tzte Lesezeit":"1\u00a0Minute"},"schema":{"@context":"https:\/\/schema.org","@graph":[{"@type":"WebPage","@id":"https:\/\/prana-lifestyle.com\/preise-stundenplan\/","url":"https:\/\/prana-lifestyle.com\/preise-stundenplan\/","name":"Preise &amp; Zeiten -","isPartOf":{"@id":"https:\/\/prana-lifestyle.com\/#website"},"datePublished":"2025-03-01T18:26:36+00:00","dateModified":"2026-01-25T18:29:48+00:00","description":"Finde heraus wann du online oder vor Ort mitmachen kannst. T\u00e4glich Yoga oder Meditation, zu einen fairen Preis.","inLanguage":"de","potentialAction":[{"@type":"ReadAction","target":["https:\/\/prana-lifestyle.com\/preise-stundenplan\/"]}]},{"@type":"WebSite","@id":"https:\/\/prana-lifestyle.com\/#website","url":"https:\/\/prana-lifestyle.com\/","name":"\u092a\u094d\u0930\u093e\u0923 - Prana Lifestyle","description":"Yoga, workshops, meditation in Barcelona &amp; online","publisher":{"@id":"https:\/\/prana-lifestyle.com\/#organization"},"potentialAction":[{"@type":"SearchAction","target":{"@type":"EntryPoint","urlTemplate":"https:\/\/prana-lifestyle.com\/?s={search_term_string}"},"query-input":{"@type":"PropertyValueSpecification","valueRequired":true,"valueName":"search_term_string"}}],"inLanguage":"de"},{"@type":"Organization","@id":"https:\/\/prana-lifestyle.com\/#organization","name":"Prana Lifestyle","url":"https:\/\/prana-lifestyle.com\/","logo":{"@type":"ImageObject","inLanguage":"de","@id":"https:\/\/prana-lifestyle.com\/#\/schema\/logo\/image\/","url":"https:\/\/prana-lifestyle.com\/wp-content\/uploads\/2023\/12\/Logo-PNG-39.png","contentUrl":"https:\/\/prana-lifestyle.com\/wp-content\/uploads\/2023\/12\/Logo-PNG-39.png","width":1173,"height":337,"caption":"Prana Lifestyle"},"image":{"@id":"https:\/\/prana-lifestyle.com\/#\/schema\/logo\/image\/"},"sameAs":["https:\/\/www.instagram.com\/prana_lifestyle_barcelona"]}]}},"_links":{"self":[{"href":"https:\/\/prana-lifestyle.com\/de\/wp-json\/wp\/v2\/pages\/1155","targetHints":{"allow":["GET"]}}],"collection":[{"href":"https:\/\/prana-lifestyle.com\/de\/wp-json\/wp\/v2\/pages"}],"about":[{"href":"https:\/\/prana-lifestyle.com\/de\/wp-json\/wp\/v2\/types\/page"}],"author":[{"embeddable":true,"href":"https:\/\/prana-lifestyle.com\/de\/wp-json\/wp\/v2\/users\/1"}],"replies":[{"embeddable":true,"href":"https:\/\/prana-lifestyle.com\/de\/wp-json\/wp\/v2\/comments?post=1155"}],"version-history":[{"count":50,"href":"https:\/\/prana-lifestyle.com\/de\/wp-json\/wp\/v2\/pages\/1155\/revisions"}],"predecessor-version":[{"id":1618,"href":"https:\/\/prana-lifestyle.com\/de\/wp-json\/wp\/v2\/pages\/1155\/revisions\/1618"}],"wp:attachment":[{"href":"https:\/\/prana-lifestyle.com\/de\/wp-json\/wp\/v2\/media?parent=1155"}],"curies":[{"name":"wp","href":"https:\/\/api.w.org\/{rel}","templated":true}]}}