{"id":36,"date":"2024-01-19T16:15:19","date_gmt":"2024-01-19T15:15:19","guid":{"rendered":"https:\/\/wp.ingrid-yoga.es\/?page_id=36"},"modified":"2026-01-25T19:35:23","modified_gmt":"2026-01-25T18:35:23","slug":"yoga-auf-deutsch-barcelona","status":"publish","type":"page","link":"https:\/\/prana-lifestyle.com\/es\/","title":{"rendered":"Bienvenidas"},"content":{"rendered":"<div class=\"wp-block-group alignfull has-background is-layout-flow wp-block-group-is-layout-flow\" style=\"background-color:#eddbc5;padding-top:var(--wp--preset--spacing--20);padding-right:var(--wp--preset--spacing--60);padding-bottom:var(--wp--preset--spacing--20);padding-left:var(--wp--preset--spacing--60)\">\n<div class=\"wp-block-columns is-layout-flex wp-container-core-columns-is-layout-3bafe55f wp-block-columns-is-layout-flex\" style=\"margin-top:0;margin-bottom:0;padding-right:0;padding-left:0\">\n<div class=\"wp-block-column is-layout-flow wp-block-column-is-layout-flow\">\n<div class=\"wp-block-group has-global-padding is-layout-constrained wp-block-group-is-layout-constrained\">\n<h2 class=\"wp-block-heading has-text-align-center is-style-asterisk has-x-large-font-size\">Yoga, meditaci\u00f3n y retiros en ingl\u00e9s, alem\u00e1n y espa\u00f1ol en Barcelona<\/h2>\n\n\n\n<p class=\"has-text-align-left has-medium-font-size\">Bienvenidas en Prana-Lifestyle, soy Ingrid Szilagyi, profesora de yoga, encantada de estar en la naturaleza, y cocinera de toda la vida.<\/p>\n\n\n\n<p class=\"has-text-align-left\">Prana tiene sus ra\u00edces en el s\u00e1nscrito y significa aliento, fuerza vital, energ\u00eda vital. Con cada respiraci\u00f3n que hacemos absorbemos prana. <\/p>\n\n\n\n<p class=\"has-text-align-left\">Con nuestro estilo de vida, influimos el prana en nuestro cuerpo. <\/p>\n\n\n\n<p>En Prana Lifestyle me gustar\u00eda compartir contigo lo que he aprendido hasta ahora y mis experiencias. <\/p>\n\n\n\n<div style=\"height:1rem\" aria-hidden=\"true\" class=\"wp-block-spacer\"><\/div>\n\n\n\n<div class=\"wp-block-buttons is-content-justification-center is-layout-flex wp-container-core-buttons-is-layout-a89b3969 wp-block-buttons-is-layout-flex\">\n<div class=\"wp-block-button\"><a class=\"wp-block-button__link has-background wp-element-button\" href=\"https:\/\/prana-lifestyle.com\/es\/ueber-mich\/\" style=\"background-color:#c88745\">Sobre m\u00ed<\/a><\/div>\n<\/div>\n<\/div>\n<\/div>\n<\/div>\n\n\n\n<div style=\"height:1em\" aria-hidden=\"true\" class=\"wp-block-spacer\"><\/div>\n<\/div>\n\n\n\n<div class=\"wp-block-group alignfull has-custom-color-2-background-color has-background has-global-padding is-layout-constrained wp-container-core-group-is-layout-796362d6 wp-block-group-is-layout-constrained\" style=\"margin-top:0;margin-bottom:0;padding-top:var(--wp--preset--spacing--40);padding-right:var(--wp--preset--spacing--50);padding-bottom:var(--wp--preset--spacing--40);padding-left:var(--wp--preset--spacing--50)\">\n<div class=\"wp-block-group is-vertical is-content-justification-center is-layout-flex wp-container-core-group-is-layout-52b864f0 wp-block-group-is-layout-flex\">\n<h2 class=\"wp-block-heading has-text-align-center is-style-asterisk\" style=\"margin-top:var(--wp--preset--spacing--20);margin-right:0;margin-bottom:var(--wp--preset--spacing--20);margin-left:0\">Descubre las posibilidades que te ofrece Prana-lifestyle<\/h2>\n<\/div>\n\n\n\n<div style=\"margin-top:0;margin-bottom:0;height:var(--wp--preset--spacing--40)\" aria-hidden=\"true\" class=\"wp-block-spacer\"><\/div>\n\n\n\n<div class=\"wp-block-columns alignwide is-layout-flex wp-container-core-columns-is-layout-d0bbbce0 wp-block-columns-is-layout-flex\">\n<div class=\"wp-block-column is-layout-flow wp-container-core-column-is-layout-e3d1c41b wp-block-column-is-layout-flow\">\n<h3 class=\"wp-block-heading has-text-align-left is-style-asterisk has-body-font-family\" style=\"font-size:clamp(0.875rem, 0.875rem + ((1vw - 0.2rem) * 0.208), 1rem);font-style:normal;font-weight:600\"><a href=\"https:\/\/prana-lifestyle.com\/es\/yoga\/\">Yoga<\/a><\/h3>\n<\/div>\n\n\n\n<div class=\"wp-block-column is-layout-flow wp-container-core-column-is-layout-e3d1c41b wp-block-column-is-layout-flow\">\n<h3 class=\"wp-block-heading has-text-align-left is-style-asterisk has-body-font-family\" style=\"font-size:clamp(0.875rem, 0.875rem + ((1vw - 0.2rem) * 0.208), 1rem);font-style:normal;font-weight:600\"><a href=\"https:\/\/prana-lifestyle.com\/es\/meditation-pranayama\/\">Meditaci\u00f3n &amp; Pranayama<\/a><\/h3>\n<\/div>\n\n\n\n<div class=\"wp-block-column is-layout-flow wp-container-core-column-is-layout-e3d1c41b wp-block-column-is-layout-flow\">\n<h3 class=\"wp-block-heading has-text-align-left is-style-asterisk has-body-font-family\" style=\"font-size:clamp(0.875rem, 0.875rem + ((1vw - 0.2rem) * 0.208), 1rem);font-style:normal;font-weight:600\"><a href=\"https:\/\/prana-lifestyle.com\/es\/retreat\/\">Retiro<\/a><\/h3>\n<\/div>\n\n\n\n<div class=\"wp-block-column is-layout-flow wp-container-core-column-is-layout-e3d1c41b wp-block-column-is-layout-flow\">\n<h3 class=\"wp-block-heading has-text-align-left is-style-asterisk has-body-font-family\" style=\"font-size:clamp(0.875rem, 0.875rem + ((1vw - 0.2rem) * 0.208), 1rem);font-style:normal;font-weight:600\">C\u00edrculus de mujeres<\/h3>\n<\/div>\n\n\n\n<div class=\"wp-block-column is-layout-flow wp-container-core-column-is-layout-e3d1c41b wp-block-column-is-layout-flow\">\n<h3 class=\"wp-block-heading has-text-align-left is-style-asterisk has-body-font-family\" style=\"font-size:clamp(0.875rem, 0.875rem + ((1vw - 0.2rem) * 0.208), 1rem);font-style:normal;font-weight:600\"><a href=\"https:\/\/allyoucanask.prana-lifestyle.com\" target=\"_blank\" rel=\"noreferrer noopener\">All you can Ask<\/a><\/h3>\n<\/div>\n\n\n\n<div class=\"wp-block-column is-layout-flow wp-container-core-column-is-layout-e3d1c41b wp-block-column-is-layout-flow\">\n<h3 class=\"wp-block-heading has-text-align-left is-style-asterisk has-body-font-family\" style=\"font-size:clamp(0.875rem, 0.875rem + ((1vw - 0.2rem) * 0.042), 0.9rem);font-style:normal;font-weight:600\"><a href=\"https:\/\/prana-lifestyle.com\/es\/unternehmen\/\">Empresas<\/a><\/h3>\n<\/div>\n\n\n\n<div class=\"wp-block-column is-layout-flow wp-container-core-column-is-layout-e3d1c41b wp-block-column-is-layout-flow\">\n<h3 class=\"wp-block-heading has-text-align-left is-style-asterisk has-body-font-family\" style=\"font-size:clamp(0.875rem, 0.875rem + ((1vw - 0.2rem) * 0.208), 1rem);font-style:normal;font-weight:600\"><a href=\"https:\/\/prana-lifestyle.com\/es\/workshops\/\">Talleres<\/a><\/h3>\n<\/div>\n<\/div>\n<\/div>\n\n\n\n<div class=\"wp-block-group alignfull has-custom-color-3-background-color has-background has-global-padding is-layout-constrained wp-container-core-group-is-layout-32a46761 wp-block-group-is-layout-constrained\" style=\"margin-top:0;margin-bottom:0;padding-top:var(--wp--preset--spacing--40);padding-right:var(--wp--preset--spacing--50);padding-bottom:var(--wp--preset--spacing--40);padding-left:var(--wp--preset--spacing--50)\">\n<h2 class=\"wp-block-heading has-text-align-center is-style-asterisk has-custom-color-1-color has-text-color has-link-color has-x-large-font-size wp-elements-005d5e856f4c0bcf55e12aafbabeafd5\" id=\"schedule\" style=\"margin-top:var(--wp--preset--spacing--30);margin-right:0;margin-bottom:var(--wp--preset--spacing--30);margin-left:0\">Novedad<\/h2>\n\n\n\n<div class=\"wp-block-columns alignfull is-layout-flex wp-container-core-columns-is-layout-28f84493 wp-block-columns-is-layout-flex\">\n<div class=\"wp-block-column is-vertically-aligned-center has-global-padding is-content-justification-center is-layout-constrained wp-container-core-column-is-layout-11de93f3 wp-block-column-is-layout-constrained\" style=\"padding-right:var(--wp--preset--spacing--50);padding-left:var(--wp--preset--spacing--50);flex-basis:100%\">\n<div class=\"wp-block-columns is-layout-flex wp-container-core-columns-is-layout-9fa5bd33 wp-block-columns-is-layout-flex\" style=\"padding-right:0;padding-left:0\">\n<div class=\"wp-block-column has-x-large-font-size is-layout-flow wp-container-core-column-is-layout-b2a27621 wp-block-column-is-layout-flow\" style=\"border-style:none;border-width:0px;border-radius:0px;padding-top:0;padding-right:0;padding-bottom:0;padding-left:0;flex-basis:2000px\">\n<figure class=\"wp-block-image aligncenter size-large is-style-rounded wp-duotone-unset-2 is-style-rounded--1\" style=\"margin-top:0;margin-bottom:0\"><img loading=\"lazy\" decoding=\"async\" width=\"576\" height=\"1024\" src=\"https:\/\/prana-lifestyle.com\/wp-content\/uploads\/2025\/10\/891a3675-b607-43f2-b22a-4927f7acc494-576x1024.jpeg\" alt=\"\" class=\"wp-image-1605\" srcset=\"https:\/\/prana-lifestyle.com\/wp-content\/uploads\/2025\/10\/891a3675-b607-43f2-b22a-4927f7acc494-576x1024.jpeg 576w, https:\/\/prana-lifestyle.com\/wp-content\/uploads\/2025\/10\/891a3675-b607-43f2-b22a-4927f7acc494-169x300.jpeg 169w, https:\/\/prana-lifestyle.com\/wp-content\/uploads\/2025\/10\/891a3675-b607-43f2-b22a-4927f7acc494-768x1365.jpeg 768w, https:\/\/prana-lifestyle.com\/wp-content\/uploads\/2025\/10\/891a3675-b607-43f2-b22a-4927f7acc494-864x1536.jpeg 864w, https:\/\/prana-lifestyle.com\/wp-content\/uploads\/2025\/10\/891a3675-b607-43f2-b22a-4927f7acc494-7x12.jpeg 7w, https:\/\/prana-lifestyle.com\/wp-content\/uploads\/2025\/10\/891a3675-b607-43f2-b22a-4927f7acc494.jpeg 1080w\" sizes=\"auto, (max-width: 576px) 100vw, 576px\" \/><\/figure>\n<\/div>\n\n\n\n<div class=\"wp-block-column is-layout-flow wp-block-column-is-layout-flow\" style=\"flex-basis:1000px\">\n<h3 class=\"wp-block-heading has-text-align-center\">~<a href=\"https:\/\/prana-lifestyle.com\/es\/retreat\/\" target=\"_blank\" rel=\"noreferrer noopener\">Wetreat<\/a>~ 2026 Francia<\/h3>\n\n\n\n<p>Estamos entusiasmadas de presentar nuestro pr\u00f3ximo retiro. Este a\u00f1o ser\u00e1 en Camplong, Francia.<\/p>\n\n\n\n<p>\u00bfQuieres saber m\u00e1s sobre nuestro ~Wetreat~? Aqu\u00ed tienes la oportunidad de ver nuestra presentaci\u00f3n. <\/p>\n\n\n\n<div class=\"wp-block-buttons is-content-justification-center is-layout-flex wp-container-core-buttons-is-layout-a89b3969 wp-block-buttons-is-layout-flex\">\n<div class=\"wp-block-button\"><a class=\"wp-block-button__link wp-element-button\" href=\"https:\/\/www.canva.com\/design\/DAG1xyz5c8c\/ngpHfGCEdZjqFiEMdlQxtA\/view?utm_content=DAG1xyz5c8c&amp;utm_campaign=designshare&amp;utm_medium=link2&amp;utm_source=uniquelinks&amp;utlId=hf1bcd4d859\" target=\"_blank\" rel=\"noreferrer noopener\">~Wetreat~<\/a><\/div>\n<\/div>\n<\/div>\n<\/div>\n<\/div>\n\n\n\n<div class=\"wp-block-column is-layout-flow wp-block-column-is-layout-flow\"><\/div>\n<\/div>\n<\/div>","protected":false},"excerpt":{"rendered":"<p>Yoga, Meditation &amp; Retreats auf Englisch, Deutsch und Spanisch in Barcelona Willkommen bei Prana-Lifestyle, ich bin Ingrid Szilagyi, Yogalehrerin, Naturliebhaberin und koche f\u00fcr mein Leben gern. Prana hat seine Wurzeln im Sanskrit und bedeutet Atem, Lebenskraft, Lebensenergie. Mit jedem Atemzug nehmen wir Prana in uns auf. Durch unseren Lebensstil beeinflussen wir das Prana in unserem [&hellip;]<\/p>","protected":false},"author":1,"featured_media":1354,"parent":0,"menu_order":0,"comment_status":"closed","ping_status":"closed","template":"","meta":{"footnotes":""},"class_list":["post-36","page","type-page","status-publish","has-post-thumbnail","hentry"],"yoast_head":"<!-- This site is optimized with the Yoast SEO plugin v24.5 - https:\/\/yoast.com\/wordpress\/plugins\/seo\/ -->\n<title>Willkommen -<\/title>\n<meta name=\"description\" content=\"Dein Ort f\u00fcr Hatha, Yin &amp; Pr\u00e4-\/Posnatal Yoga, Meditation und Workshops in Barcelona. Vor Ort oder Online, mit Ingrid Szilagyi.\" \/>\n<meta name=\"robots\" content=\"index, follow, max-snippet:-1, max-image-preview:large, max-video-preview:-1\" \/>\n<link rel=\"canonical\" href=\"https:\/\/prana-lifestyle.com\/es\/\" \/>\n<meta property=\"og:locale\" content=\"es_ES\" \/>\n<meta property=\"og:type\" content=\"article\" \/>\n<meta property=\"og:title\" content=\"Willkommen -\" \/>\n<meta property=\"og:description\" content=\"Dein Ort f\u00fcr Hatha, Yin &amp; Pr\u00e4-\/Posnatal Yoga, Meditation und Workshops in Barcelona. Vor Ort oder Online, mit Ingrid Szilagyi.\" \/>\n<meta property=\"og:url\" content=\"https:\/\/prana-lifestyle.com\/es\/\" \/>\n<meta property=\"article:modified_time\" content=\"2026-01-25T18:35:23+00:00\" \/>\n<meta property=\"og:image\" content=\"https:\/\/prana-lifestyle.com\/wp-content\/uploads\/2025\/09\/74A3509-scaled.jpg\" \/>\n\t<meta property=\"og:image:width\" content=\"1707\" \/>\n\t<meta property=\"og:image:height\" content=\"2560\" \/>\n\t<meta property=\"og:image:type\" content=\"image\/jpeg\" \/>\n<meta name=\"twitter:card\" content=\"summary_large_image\" \/>\n<meta name=\"twitter:label1\" content=\"Tiempo de lectura\" \/>\n\t<meta name=\"twitter:data1\" content=\"1 minuto\" \/>\n<script type=\"application\/ld+json\" class=\"yoast-schema-graph\">{\"@context\":\"https:\/\/schema.org\",\"@graph\":[{\"@type\":\"WebPage\",\"@id\":\"https:\/\/prana-lifestyle.com\/\",\"url\":\"https:\/\/prana-lifestyle.com\/\",\"name\":\"Willkommen -\",\"isPartOf\":{\"@id\":\"https:\/\/prana-lifestyle.com\/#website\"},\"primaryImageOfPage\":{\"@id\":\"https:\/\/prana-lifestyle.com\/#primaryimage\"},\"image\":{\"@id\":\"https:\/\/prana-lifestyle.com\/#primaryimage\"},\"thumbnailUrl\":\"https:\/\/prana-lifestyle.com\/wp-content\/uploads\/2025\/09\/74A3509-scaled.jpg\",\"datePublished\":\"2024-01-19T15:15:19+00:00\",\"dateModified\":\"2026-01-25T18:35:23+00:00\",\"description\":\"Dein Ort f\u00fcr Hatha, Yin & Pr\u00e4-\/Posnatal Yoga, Meditation und Workshops in Barcelona. Vor Ort oder Online, mit Ingrid Szilagyi.\",\"inLanguage\":\"es\",\"potentialAction\":[{\"@type\":\"ReadAction\",\"target\":[\"https:\/\/prana-lifestyle.com\/\"]}]},{\"@type\":\"ImageObject\",\"inLanguage\":\"es\",\"@id\":\"https:\/\/prana-lifestyle.com\/#primaryimage\",\"url\":\"https:\/\/prana-lifestyle.com\/wp-content\/uploads\/2025\/09\/74A3509-scaled.jpg\",\"contentUrl\":\"https:\/\/prana-lifestyle.com\/wp-content\/uploads\/2025\/09\/74A3509-scaled.jpg\",\"width\":1707,\"height\":2560},{\"@type\":\"WebSite\",\"@id\":\"https:\/\/prana-lifestyle.com\/#website\",\"url\":\"https:\/\/prana-lifestyle.com\/\",\"name\":\"\u092a\u094d\u0930\u093e\u0923 - Prana Lifestyle\",\"description\":\"Yoga, workshops, meditation in Barcelona &amp; online\",\"publisher\":{\"@id\":\"https:\/\/prana-lifestyle.com\/#organization\"},\"potentialAction\":[{\"@type\":\"SearchAction\",\"target\":{\"@type\":\"EntryPoint\",\"urlTemplate\":\"https:\/\/prana-lifestyle.com\/?s={search_term_string}\"},\"query-input\":{\"@type\":\"PropertyValueSpecification\",\"valueRequired\":true,\"valueName\":\"search_term_string\"}}],\"inLanguage\":\"es\"},{\"@type\":\"Organization\",\"@id\":\"https:\/\/prana-lifestyle.com\/#organization\",\"name\":\"Prana Lifestyle\",\"url\":\"https:\/\/prana-lifestyle.com\/\",\"logo\":{\"@type\":\"ImageObject\",\"inLanguage\":\"es\",\"@id\":\"https:\/\/prana-lifestyle.com\/#\/schema\/logo\/image\/\",\"url\":\"https:\/\/prana-lifestyle.com\/wp-content\/uploads\/2023\/12\/Logo-PNG-39.png\",\"contentUrl\":\"https:\/\/prana-lifestyle.com\/wp-content\/uploads\/2023\/12\/Logo-PNG-39.png\",\"width\":1173,\"height\":337,\"caption\":\"Prana Lifestyle\"},\"image\":{\"@id\":\"https:\/\/prana-lifestyle.com\/#\/schema\/logo\/image\/\"},\"sameAs\":[\"https:\/\/www.instagram.com\/prana_lifestyle_barcelona\"]}]}<\/script>\n<!-- \/ Yoast SEO plugin. -->","yoast_head_json":{"title":"Willkommen -","description":"Dein Ort f\u00fcr Hatha, Yin & Pr\u00e4-\/Posnatal Yoga, Meditation und Workshops in Barcelona. Vor Ort oder Online, mit Ingrid Szilagyi.","robots":{"index":"index","follow":"follow","max-snippet":"max-snippet:-1","max-image-preview":"max-image-preview:large","max-video-preview":"max-video-preview:-1"},"canonical":"https:\/\/prana-lifestyle.com\/es\/","og_locale":"es_ES","og_type":"article","og_title":"Willkommen -","og_description":"Dein Ort f\u00fcr Hatha, Yin & Pr\u00e4-\/Posnatal Yoga, Meditation und Workshops in Barcelona. Vor Ort oder Online, mit Ingrid Szilagyi.","og_url":"https:\/\/prana-lifestyle.com\/es\/","article_modified_time":"2026-01-25T18:35:23+00:00","og_image":[{"width":1707,"height":2560,"url":"https:\/\/prana-lifestyle.com\/wp-content\/uploads\/2025\/09\/74A3509-scaled.jpg","type":"image\/jpeg"}],"twitter_card":"summary_large_image","twitter_misc":{"Tiempo de lectura":"1 minuto"},"schema":{"@context":"https:\/\/schema.org","@graph":[{"@type":"WebPage","@id":"https:\/\/prana-lifestyle.com\/","url":"https:\/\/prana-lifestyle.com\/","name":"Willkommen -","isPartOf":{"@id":"https:\/\/prana-lifestyle.com\/#website"},"primaryImageOfPage":{"@id":"https:\/\/prana-lifestyle.com\/#primaryimage"},"image":{"@id":"https:\/\/prana-lifestyle.com\/#primaryimage"},"thumbnailUrl":"https:\/\/prana-lifestyle.com\/wp-content\/uploads\/2025\/09\/74A3509-scaled.jpg","datePublished":"2024-01-19T15:15:19+00:00","dateModified":"2026-01-25T18:35:23+00:00","description":"Dein Ort f\u00fcr Hatha, Yin & Pr\u00e4-\/Posnatal Yoga, Meditation und Workshops in Barcelona. Vor Ort oder Online, mit Ingrid Szilagyi.","inLanguage":"es","potentialAction":[{"@type":"ReadAction","target":["https:\/\/prana-lifestyle.com\/"]}]},{"@type":"ImageObject","inLanguage":"es","@id":"https:\/\/prana-lifestyle.com\/#primaryimage","url":"https:\/\/prana-lifestyle.com\/wp-content\/uploads\/2025\/09\/74A3509-scaled.jpg","contentUrl":"https:\/\/prana-lifestyle.com\/wp-content\/uploads\/2025\/09\/74A3509-scaled.jpg","width":1707,"height":2560},{"@type":"WebSite","@id":"https:\/\/prana-lifestyle.com\/#website","url":"https:\/\/prana-lifestyle.com\/","name":"\u092a\u094d\u0930\u093e\u0923 - Prana Lifestyle","description":"Yoga, workshops, meditation in Barcelona &amp; online","publisher":{"@id":"https:\/\/prana-lifestyle.com\/#organization"},"potentialAction":[{"@type":"SearchAction","target":{"@type":"EntryPoint","urlTemplate":"https:\/\/prana-lifestyle.com\/?s={search_term_string}"},"query-input":{"@type":"PropertyValueSpecification","valueRequired":true,"valueName":"search_term_string"}}],"inLanguage":"es"},{"@type":"Organization","@id":"https:\/\/prana-lifestyle.com\/#organization","name":"Prana Lifestyle","url":"https:\/\/prana-lifestyle.com\/","logo":{"@type":"ImageObject","inLanguage":"es","@id":"https:\/\/prana-lifestyle.com\/#\/schema\/logo\/image\/","url":"https:\/\/prana-lifestyle.com\/wp-content\/uploads\/2023\/12\/Logo-PNG-39.png","contentUrl":"https:\/\/prana-lifestyle.com\/wp-content\/uploads\/2023\/12\/Logo-PNG-39.png","width":1173,"height":337,"caption":"Prana Lifestyle"},"image":{"@id":"https:\/\/prana-lifestyle.com\/#\/schema\/logo\/image\/"},"sameAs":["https:\/\/www.instagram.com\/prana_lifestyle_barcelona"]}]}},"_links":{"self":[{"href":"https:\/\/prana-lifestyle.com\/es\/wp-json\/wp\/v2\/pages\/36","targetHints":{"allow":["GET"]}}],"collection":[{"href":"https:\/\/prana-lifestyle.com\/es\/wp-json\/wp\/v2\/pages"}],"about":[{"href":"https:\/\/prana-lifestyle.com\/es\/wp-json\/wp\/v2\/types\/page"}],"author":[{"embeddable":true,"href":"https:\/\/prana-lifestyle.com\/es\/wp-json\/wp\/v2\/users\/1"}],"replies":[{"embeddable":true,"href":"https:\/\/prana-lifestyle.com\/es\/wp-json\/wp\/v2\/comments?post=36"}],"version-history":[{"count":215,"href":"https:\/\/prana-lifestyle.com\/es\/wp-json\/wp\/v2\/pages\/36\/revisions"}],"predecessor-version":[{"id":1619,"href":"https:\/\/prana-lifestyle.com\/es\/wp-json\/wp\/v2\/pages\/36\/revisions\/1619"}],"wp:featuredmedia":[{"embeddable":true,"href":"https:\/\/prana-lifestyle.com\/es\/wp-json\/wp\/v2\/media\/1354"}],"wp:attachment":[{"href":"https:\/\/prana-lifestyle.com\/es\/wp-json\/wp\/v2\/media?parent=36"}],"curies":[{"name":"wp","href":"https:\/\/api.w.org\/{rel}","templated":true}]}}