{"id":390,"date":"2024-03-08T20:19:46","date_gmt":"2024-03-08T19:19:46","guid":{"rendered":"https:\/\/prana-lifestyle.com\/?page_id=390"},"modified":"2025-09-25T16:02:52","modified_gmt":"2025-09-25T14:02:52","slug":"unternehmen","status":"publish","type":"page","link":"https:\/\/prana-lifestyle.com\/es\/unternehmen\/","title":{"rendered":"Empresas"},"content":{"rendered":"<h1 class=\"wp-block-heading alignfull has-text-align-center is-style-asterisk has-x-large-font-size\" style=\"margin-right:var(--wp--preset--spacing--20);margin-left:var(--wp--preset--spacing--20)\">Descubre qu\u00e9 ofertas y beneficios puede conseguir tu empresa con la ayuda del yoga, la meditaci\u00f3n, el mindfulness y los ejercicios de respiraci\u00f3n.<\/h1>\n\n\n\n<div class=\"wp-block-group alignfull has-custom-color-2-background-color has-background has-global-padding is-layout-constrained wp-container-core-group-is-layout-669513ed wp-block-group-is-layout-constrained\" style=\"margin-top:0;margin-bottom:0;padding-top:var(--wp--preset--spacing--50);padding-right:var(--wp--preset--spacing--50);padding-bottom:var(--wp--preset--spacing--50);padding-left:var(--wp--preset--spacing--50)\">\n<div class=\"wp-block-columns alignwide is-layout-flex wp-container-core-columns-is-layout-1da03c2a wp-block-columns-is-layout-flex\">\n<div class=\"wp-block-column is-vertically-aligned-stretch is-layout-flow wp-block-column-is-layout-flow\" style=\"flex-basis:50%\">\n<div class=\"wp-block-group is-vertical is-content-justification-stretch is-layout-flex wp-container-core-group-is-layout-444d5ee8 wp-block-group-is-layout-flex\" style=\"min-height:100%\">\n<h2 class=\"wp-block-heading is-style-default has-x-large-font-size\">\u00bfCu\u00e1les son las ventajas?<\/h2>\n\n\n\n<p class=\"has-large-font-size\">Su empresa puede a\u00f1adir esta oferta como beneficio y sus empleados se beneficiar\u00e1n de ella: <\/p>\n\n\n\n<ul class=\"wp-block-list\">\n<li class=\"has-large-font-size\">Relajaci\u00f3n <\/li>\n\n\n\n<li class=\"has-large-font-size\"> Movimientos<\/li>\n\n\n\n<li class=\"has-large-font-size\">Aumento de la concentraci\u00f3n<\/li>\n\n\n\n<li class=\"has-large-font-size\">Enfoque<\/li>\n\n\n\n<li class=\"has-large-font-size\">Reducci\u00f3n de estr\u00e9s<\/li>\n\n\n\n<li class=\"has-large-font-size\">Aumentar la concienciaci\u00f3n<\/li>\n<\/ul>\n\n\n\n<div style=\"height:0px\" aria-hidden=\"true\" class=\"wp-block-spacer wp-container-content-9760934e\"><\/div>\n\n\n\n<p class=\"has-large-font-size\">Pru\u00e9belo y vea por s\u00ed mismo los cambios que pueden producirse en su vida laboral.<\/p>\n<\/div>\n<\/div>\n\n\n\n<div class=\"wp-block-column is-vertically-aligned-center is-layout-flow wp-block-column-is-layout-flow\" style=\"flex-basis:50%\">\n<figure class=\"wp-block-image size-full is-resized is-style-rounded wp-duotone-unset-2 is-style-rounded--1\"><img loading=\"lazy\" decoding=\"async\" width=\"683\" height=\"1024\" src=\"https:\/\/prana-lifestyle.com\/wp-content\/uploads\/2024\/03\/cba2c98e-5705-45b2-8db8-035ee0eb82a1.jpg\" alt=\"Zwei Frauen sitzend R\u00fccken an R\u00fccken.\" class=\"wp-image-393\" style=\"aspect-ratio:2\/3;object-fit:cover;width:383px;height:auto\" srcset=\"https:\/\/prana-lifestyle.com\/wp-content\/uploads\/2024\/03\/cba2c98e-5705-45b2-8db8-035ee0eb82a1.jpg 683w, https:\/\/prana-lifestyle.com\/wp-content\/uploads\/2024\/03\/cba2c98e-5705-45b2-8db8-035ee0eb82a1-200x300.jpg 200w, https:\/\/prana-lifestyle.com\/wp-content\/uploads\/2024\/03\/cba2c98e-5705-45b2-8db8-035ee0eb82a1-8x12.jpg 8w\" sizes=\"auto, (max-width: 683px) 100vw, 683px\" \/><\/figure>\n<\/div>\n<\/div>\n<\/div>\n\n\n\n<div class=\"wp-block-group alignfull has-custom-color-3-background-color has-background has-global-padding is-layout-constrained wp-container-core-group-is-layout-669513ed wp-block-group-is-layout-constrained\" style=\"margin-top:0;margin-bottom:0;padding-top:var(--wp--preset--spacing--50);padding-right:var(--wp--preset--spacing--50);padding-bottom:var(--wp--preset--spacing--50);padding-left:var(--wp--preset--spacing--50)\">\n<div class=\"wp-block-group is-vertical is-content-justification-center is-layout-flex wp-container-core-group-is-layout-52b864f0 wp-block-group-is-layout-flex\">\n<h2 class=\"wp-block-heading has-text-align-center is-style-asterisk\">Mi oferta<\/h2>\n\n\n\n<div style=\"height:0px\" aria-hidden=\"true\" class=\"wp-block-spacer wp-container-content-4f2ccadb\"><\/div>\n<\/div>\n\n\n\n<div style=\"margin-top:0;margin-bottom:0;height:var(--wp--preset--spacing--40)\" aria-hidden=\"true\" class=\"wp-block-spacer\"><\/div>\n\n\n\n<div class=\"wp-block-columns alignwide is-layout-flex wp-container-core-columns-is-layout-d0bbbce0 wp-block-columns-is-layout-flex\">\n<div class=\"wp-block-column is-layout-flow wp-container-core-column-is-layout-e3d1c41b wp-block-column-is-layout-flow\">\n<h3 class=\"wp-block-heading has-text-align-left is-style-asterisk has-body-font-family has-medium-font-size\" style=\"font-style:normal;font-weight:600\">En l\u00ednea <\/h3>\n\n\n\n<p class=\"has-text-align-left\">Cualquiera puede participar desde casa y no se necesita mucho, solo un poco de tiempo.<\/p>\n<\/div>\n\n\n\n<div class=\"wp-block-column is-layout-flow wp-container-core-column-is-layout-e3d1c41b wp-block-column-is-layout-flow\">\n<h3 class=\"wp-block-heading has-text-align-left is-style-asterisk has-body-font-family has-medium-font-size\" style=\"font-style:normal;font-weight:600\">Presencial <\/h3>\n\n\n\n<p class=\"has-text-align-left\">Seguros que encontraremos una sala adecuada en la empresa, de lo contrario tambi\u00e9n es posible en la terraza, o podemos buscar algo adecuado en su vecindario.<\/p>\n<\/div>\n\n\n\n<div class=\"wp-block-column is-layout-flow wp-container-core-column-is-layout-e3d1c41b wp-block-column-is-layout-flow\">\n<h3 class=\"wp-block-heading has-text-align-left is-style-asterisk has-body-font-family has-medium-font-size\" style=\"font-style:normal;font-weight:600\">Horiaros<\/h3>\n\n\n\n<p class=\"has-text-align-left\">Por la ma\u00f1ana\/medio d\u00eda\/tarde. Esto es flexible, al igual que la duraci\u00f3n y la frecuencia de esta oferta.<\/p>\n<\/div>\n<\/div>\n\n\n\n<div style=\"height:var(--wp--preset--spacing--20)\" aria-hidden=\"true\" class=\"wp-block-spacer\"><\/div>\n\n\n\n<div class=\"wp-block-columns alignwide is-layout-flex wp-container-core-columns-is-layout-d0bbbce0 wp-block-columns-is-layout-flex\">\n<div class=\"wp-block-column is-layout-flow wp-container-core-column-is-layout-e3d1c41b wp-block-column-is-layout-flow\">\n<h3 class=\"wp-block-heading has-text-align-left is-style-asterisk has-body-font-family has-medium-font-size\" style=\"font-style:normal;font-weight:600\"><a href=\"https:\/\/prana-lifestyle.com\/es\/yoga\/\" target=\"_blank\" rel=\"noreferrer noopener\">Yoga<\/a><\/h3>\n\n\n\n<p class=\"has-text-align-left\">Movimientos de fortalecimiento y relajaci\u00f3n para romper el ciclo de estar sentado y estimular la circulaci\u00f3n.<\/p>\n<\/div>\n\n\n\n<div class=\"wp-block-column is-layout-flow wp-container-core-column-is-layout-e3d1c41b wp-block-column-is-layout-flow\">\n<h3 class=\"wp-block-heading has-text-align-left is-style-asterisk has-body-font-family has-medium-font-size\" style=\"font-style:normal;font-weight:600\"><a href=\"https:\/\/prana-lifestyle.com\/es\/meditation-pranayama\/\">Meditaci\u00f3n<\/a><\/h3>\n\n\n\n<p class=\"has-text-align-left\">Da un respiro a tu mente para que puedas continuar m\u00e1s tarde renovado. De este modo, permitimos que nuestra mente se relaje, lo que nos ayuda a estar luego m\u00e1s concentrados.<\/p>\n<\/div>\n\n\n\n<div class=\"wp-block-column is-layout-flow wp-container-core-column-is-layout-e3d1c41b wp-block-column-is-layout-flow\">\n<h3 class=\"wp-block-heading has-text-align-left is-style-asterisk has-body-font-family has-medium-font-size\" style=\"font-style:normal;font-weight:600\"><a href=\"https:\/\/en.wikipedia.org\/wiki\/Mindfulness\" target=\"_blank\" rel=\"noreferrer noopener\">Mindfulness<\/a><\/h3>\n\n\n\n<p class=\"has-text-align-left\">S\u00e9 consciente del momento. Esto significa que prestas toda tu atenci\u00f3n a lo que est\u00e1s haciendo. Tu experiencia ser\u00e1 diferente porque tu atenci\u00f3n se centra en una actividad y no en varias en el mismo momento. <\/p>\n<\/div>\n<\/div>\n<\/div>\n\n\n\n<div class=\"wp-block-group alignfull has-global-padding is-layout-constrained wp-container-core-group-is-layout-669513ed wp-block-group-is-layout-constrained\" style=\"margin-top:0;margin-bottom:0;padding-top:var(--wp--preset--spacing--50);padding-right:var(--wp--preset--spacing--50);padding-bottom:var(--wp--preset--spacing--50);padding-left:var(--wp--preset--spacing--50)\">\n<div class=\"wp-block-group alignwide has-custom-color-2-background-color has-background has-global-padding is-layout-constrained wp-container-core-group-is-layout-a151063b wp-block-group-is-layout-constrained\" style=\"border-radius:16px;padding-top:var(--wp--preset--spacing--50);padding-right:var(--wp--preset--spacing--40);padding-bottom:var(--wp--preset--spacing--50);padding-left:var(--wp--preset--spacing--40)\">\n<div class=\"wp-block-group alignwide is-vertical is-content-justification-stretch is-layout-flex wp-container-core-group-is-layout-353c4f5a wp-block-group-is-layout-flex\">\n<h2 class=\"wp-block-heading has-text-align-center\">Paquetes<\/h2>\n\n\n\n<p class=\"has-text-align-center\" style=\"margin-top:var(--wp--preset--spacing--10);font-size:clamp(0.875rem, 0.875rem + ((1vw - 0.2rem) * 0.417), 1.125rem);\">A continuaci\u00f3n, algunos ejemplos<\/p>\n<\/div>\n\n\n\n<div style=\"height:var(--wp--preset--spacing--30)\" aria-hidden=\"true\" class=\"wp-block-spacer\"><\/div>\n\n\n\n<div class=\"wp-block-columns alignwide is-layout-flex wp-container-core-columns-is-layout-06670bbc wp-block-columns-is-layout-flex\">\n<div class=\"wp-block-column is-layout-flow wp-block-column-is-layout-flow\" style=\"border-top-color:var(--wp--preset--color--contrast-3);border-top-width:1px;padding-top:var(--wp--preset--spacing--30);padding-right:var(--wp--preset--spacing--30);padding-bottom:var(--wp--preset--spacing--10);padding-left:var(--wp--preset--spacing--30)\">\n<h3 class=\"wp-block-heading has-text-align-center has-large-font-size\" style=\"padding-top:1px\">Paquete peque\u00f1o<\/h3>\n\n\n\n<div style=\"height:14px\" aria-hidden=\"true\" class=\"wp-block-spacer\"><\/div>\n\n\n\n<div class=\"wp-block-group is-vertical is-content-justification-stretch is-layout-flex wp-container-core-group-is-layout-353c4f5a wp-block-group-is-layout-flex\">\n<p class=\"has-text-align-center\">Una vez a la semana, m\u00e1ximo una hora<\/p>\n\n\n\n<hr class=\"wp-block-separator has-text-color has-contrast-3-color has-alpha-channel-opacity has-contrast-3-background-color has-background is-style-wide\"\/>\n\n\n\n<p class=\"has-text-align-center has-custom-color-1-color has-text-color has-link-color wp-elements-9b2282c0f7183010fc732f869a8c90b1\">Duraci\u00f3n de 6 semanas<\/p>\n\n\n\n<hr class=\"wp-block-separator has-text-color has-contrast-3-color has-alpha-channel-opacity has-contrast-3-background-color has-background is-style-wide\"\/>\n\n\n\n<p class=\"has-text-align-center has-custom-color-1-color has-text-color has-link-color wp-elements-b992f847f4cd9df9bc14d1eeff956c9d\">Meditaci\u00f3n y ejercicios de respiraci\u00f3n <\/p>\n<\/div>\n<\/div>\n\n\n\n<div class=\"wp-block-column is-layout-flow wp-block-column-is-layout-flow\" style=\"border-top-color:var(--wp--preset--color--contrast);border-top-width:1px;padding-top:var(--wp--preset--spacing--30);padding-right:var(--wp--preset--spacing--30);padding-bottom:var(--wp--preset--spacing--10);padding-left:var(--wp--preset--spacing--30)\">\n<h3 class=\"wp-block-heading has-text-align-center has-large-font-size\">Paquete mediano<\/h3>\n\n\n\n<div style=\"height:14px\" aria-hidden=\"true\" class=\"wp-block-spacer\"><\/div>\n\n\n\n<div class=\"wp-block-group is-vertical is-content-justification-stretch is-layout-flex wp-container-core-group-is-layout-353c4f5a wp-block-group-is-layout-flex\">\n<p class=\"has-text-align-center\">De una a dos veces por semana, de una hora a hora y media<\/p>\n\n\n\n<hr class=\"wp-block-separator has-text-color has-contrast-3-color has-alpha-channel-opacity has-contrast-3-background-color has-background is-style-wide\"\/>\n\n\n\n<p class=\"has-text-align-center\">Duraci\u00f3n de 8-10 semanas<\/p>\n\n\n\n<hr class=\"wp-block-separator has-text-color has-contrast-3-color has-alpha-channel-opacity has-contrast-3-background-color has-background is-style-wide\"\/>\n\n\n\n<p class=\"has-text-align-center\">Yoga, meditaci\u00f3n &amp; Mindfulness<\/p>\n<\/div>\n<\/div>\n\n\n\n<div class=\"wp-block-column is-layout-flow wp-block-column-is-layout-flow\" style=\"border-top-color:var(--wp--preset--color--contrast-3);border-top-width:1px;padding-top:var(--wp--preset--spacing--30);padding-right:var(--wp--preset--spacing--30);padding-bottom:var(--wp--preset--spacing--10);padding-left:var(--wp--preset--spacing--30)\">\n<h3 class=\"wp-block-heading has-text-align-center has-large-font-size\" style=\"padding-top:1px\">Paquete completo \t\t<\/h3>\n\n\n\n<div style=\"height:14px\" aria-hidden=\"true\" class=\"wp-block-spacer\"><\/div>\n\n\n\n<div class=\"wp-block-group is-vertical is-content-justification-stretch is-layout-flex wp-container-core-group-is-layout-353c4f5a wp-block-group-is-layout-flex\">\n<p class=\"has-text-align-center\">Una vez a la semana, una hora y media <\/p>\n\n\n\n<hr class=\"wp-block-separator has-text-color has-contrast-3-color has-alpha-channel-opacity has-contrast-3-background-color has-background is-style-wide\"\/>\n\n\n\n<p class=\"has-text-align-center\">Asistencia hasta seis meses<\/p>\n\n\n\n<hr class=\"wp-block-separator has-text-color has-contrast-3-color has-alpha-channel-opacity has-contrast-3-background-color has-background is-style-wide\"\/>\n\n\n\n<p class=\"has-text-align-center\">Yoga, meditaci\u00f3n, pranayama &amp; Mindfulness<\/p>\n<\/div>\n<\/div>\n<\/div>\n<\/div>\n<\/div>\n\n\n\n<div class=\"wp-block-group alignfull has-accent-5-background-color has-background has-global-padding is-layout-constrained wp-container-core-group-is-layout-d89aad35 wp-block-group-is-layout-constrained\" style=\"margin-top:0;margin-bottom:0;padding-top:var(--wp--preset--spacing--50);padding-right:var(--wp--preset--spacing--50);padding-bottom:var(--wp--preset--spacing--50);padding-left:var(--wp--preset--spacing--50)\">\n<div class=\"wp-block-columns alignwide is-layout-flex wp-container-core-columns-is-layout-1da03c2a wp-block-columns-is-layout-flex\">\n<div class=\"wp-block-column is-vertically-aligned-center is-layout-flow wp-block-column-is-layout-flow\" style=\"flex-basis:60%\">\n<figure class=\"wp-block-image size-full is-style-rounded wp-duotone-unset-4 is-style-rounded--3\"><img loading=\"lazy\" decoding=\"async\" width=\"1600\" height=\"1200\" src=\"https:\/\/prana-lifestyle.com\/wp-content\/uploads\/2024\/03\/IMG_0644.jpg\" alt=\"Das Meer\" class=\"wp-image-395\" style=\"aspect-ratio:4\/3;object-fit:cover\" srcset=\"https:\/\/prana-lifestyle.com\/wp-content\/uploads\/2024\/03\/IMG_0644.jpg 1600w, https:\/\/prana-lifestyle.com\/wp-content\/uploads\/2024\/03\/IMG_0644-300x225.jpg 300w, https:\/\/prana-lifestyle.com\/wp-content\/uploads\/2024\/03\/IMG_0644-1024x768.jpg 1024w, https:\/\/prana-lifestyle.com\/wp-content\/uploads\/2024\/03\/IMG_0644-768x576.jpg 768w, https:\/\/prana-lifestyle.com\/wp-content\/uploads\/2024\/03\/IMG_0644-1536x1152.jpg 1536w, https:\/\/prana-lifestyle.com\/wp-content\/uploads\/2024\/03\/IMG_0644-16x12.jpg 16w\" sizes=\"auto, (max-width: 1600px) 100vw, 1600px\" \/><\/figure>\n<\/div>\n\n\n\n<div class=\"wp-block-column is-layout-flow wp-block-column-is-layout-flow\" style=\"flex-basis:40%\">\n<p class=\"has-large-font-size\">\u00bfDesea saber m\u00e1s?<\/p>\n\n\n\n<p style=\"font-size:clamp(0.984rem, 0.984rem + ((1vw - 0.2rem) * 0.86), 1.5rem);\">Entonces no dude en ponerse en contacto conmigo.<\/p>\n\n\n\n<div class=\"wp-block-buttons is-layout-flex wp-block-buttons-is-layout-flex\">\n<div class=\"wp-block-button\"><a class=\"wp-block-button__link has-custom-color-1-background-color has-background wp-element-button\" href=\"mailto:ingrid@prana-lifestyle.com\">Contacto<\/a><\/div>\n<\/div>\n<\/div>\n<\/div>\n<\/div>","protected":false},"excerpt":{"rendered":"<p>Erfahre welche Angebote &amp; Vorteile dein Unternehmen mithilfe von Yoga, Meditation, Mindfulness und Atem\u00fcbungen erzielen kann. Was sind die Vorteile? Dein Unternehmen kann dieses Angebot als Benefit hinzuf\u00fcgen und deine Mitarbeiter\/Mitarbeiterinnen profitieren von: Probiere es aus und merke an dir selbst, welche Ver\u00e4nderung in deinem Arbeitsalltag auftreten kann. Mein Angebot Online Von Zuhause aus kann [&hellip;]<\/p>","protected":false},"author":1,"featured_media":0,"parent":0,"menu_order":0,"comment_status":"closed","ping_status":"closed","template":"","meta":{"footnotes":""},"class_list":["post-390","page","type-page","status-publish","hentry"],"yoast_head":"<!-- This site is optimized with the Yoast SEO plugin v24.5 - https:\/\/yoast.com\/wordpress\/plugins\/seo\/ -->\n<title>Unternehmen -<\/title>\n<meta name=\"description\" content=\"Erfahre welche Angebote &amp; Vorteile dein Unternehmen mithilfe von Yoga, Meditation, Achtsamkeits- und Atem\u00fcbungen erzielen kann.\" \/>\n<meta name=\"robots\" content=\"index, follow, max-snippet:-1, max-image-preview:large, max-video-preview:-1\" \/>\n<link rel=\"canonical\" href=\"https:\/\/prana-lifestyle.com\/es\/unternehmen\/\" \/>\n<meta property=\"og:locale\" content=\"es_ES\" \/>\n<meta property=\"og:type\" content=\"article\" \/>\n<meta property=\"og:title\" content=\"Unternehmen -\" \/>\n<meta property=\"og:description\" content=\"Erfahre welche Angebote &amp; Vorteile dein Unternehmen mithilfe von Yoga, Meditation, Achtsamkeits- und Atem\u00fcbungen erzielen kann.\" \/>\n<meta property=\"og:url\" content=\"https:\/\/prana-lifestyle.com\/es\/unternehmen\/\" \/>\n<meta property=\"article:modified_time\" content=\"2025-09-25T14:02:52+00:00\" \/>\n<meta property=\"og:image\" content=\"https:\/\/prana-lifestyle.com\/wp-content\/uploads\/2024\/03\/cba2c98e-5705-45b2-8db8-035ee0eb82a1.jpg\" \/>\n\t<meta property=\"og:image:width\" content=\"683\" \/>\n\t<meta property=\"og:image:height\" content=\"1024\" \/>\n\t<meta property=\"og:image:type\" content=\"image\/jpeg\" \/>\n<meta name=\"twitter:card\" content=\"summary_large_image\" \/>\n<meta name=\"twitter:label1\" content=\"Tiempo de lectura\" \/>\n\t<meta name=\"twitter:data1\" content=\"2 minutos\" \/>\n<script type=\"application\/ld+json\" class=\"yoast-schema-graph\">{\"@context\":\"https:\/\/schema.org\",\"@graph\":[{\"@type\":\"WebPage\",\"@id\":\"https:\/\/prana-lifestyle.com\/unternehmen\/\",\"url\":\"https:\/\/prana-lifestyle.com\/unternehmen\/\",\"name\":\"Unternehmen -\",\"isPartOf\":{\"@id\":\"https:\/\/prana-lifestyle.com\/#website\"},\"primaryImageOfPage\":{\"@id\":\"https:\/\/prana-lifestyle.com\/unternehmen\/#primaryimage\"},\"image\":{\"@id\":\"https:\/\/prana-lifestyle.com\/unternehmen\/#primaryimage\"},\"thumbnailUrl\":\"https:\/\/prana-lifestyle.com\/wp-content\/uploads\/2024\/03\/cba2c98e-5705-45b2-8db8-035ee0eb82a1.jpg\",\"datePublished\":\"2024-03-08T19:19:46+00:00\",\"dateModified\":\"2025-09-25T14:02:52+00:00\",\"description\":\"Erfahre welche Angebote & Vorteile dein Unternehmen mithilfe von Yoga, Meditation, Achtsamkeits- und Atem\u00fcbungen erzielen kann.\",\"inLanguage\":\"es\",\"potentialAction\":[{\"@type\":\"ReadAction\",\"target\":[\"https:\/\/prana-lifestyle.com\/unternehmen\/\"]}]},{\"@type\":\"ImageObject\",\"inLanguage\":\"es\",\"@id\":\"https:\/\/prana-lifestyle.com\/unternehmen\/#primaryimage\",\"url\":\"https:\/\/prana-lifestyle.com\/wp-content\/uploads\/2024\/03\/cba2c98e-5705-45b2-8db8-035ee0eb82a1.jpg\",\"contentUrl\":\"https:\/\/prana-lifestyle.com\/wp-content\/uploads\/2024\/03\/cba2c98e-5705-45b2-8db8-035ee0eb82a1.jpg\"},{\"@type\":\"WebSite\",\"@id\":\"https:\/\/prana-lifestyle.com\/#website\",\"url\":\"https:\/\/prana-lifestyle.com\/\",\"name\":\"\u092a\u094d\u0930\u093e\u0923 - Prana Lifestyle\",\"description\":\"Yoga, workshops, meditation in Barcelona &amp; online\",\"publisher\":{\"@id\":\"https:\/\/prana-lifestyle.com\/#organization\"},\"potentialAction\":[{\"@type\":\"SearchAction\",\"target\":{\"@type\":\"EntryPoint\",\"urlTemplate\":\"https:\/\/prana-lifestyle.com\/?s={search_term_string}\"},\"query-input\":{\"@type\":\"PropertyValueSpecification\",\"valueRequired\":true,\"valueName\":\"search_term_string\"}}],\"inLanguage\":\"es\"},{\"@type\":\"Organization\",\"@id\":\"https:\/\/prana-lifestyle.com\/#organization\",\"name\":\"Prana Lifestyle\",\"url\":\"https:\/\/prana-lifestyle.com\/\",\"logo\":{\"@type\":\"ImageObject\",\"inLanguage\":\"es\",\"@id\":\"https:\/\/prana-lifestyle.com\/#\/schema\/logo\/image\/\",\"url\":\"https:\/\/prana-lifestyle.com\/wp-content\/uploads\/2023\/12\/Logo-PNG-39.png\",\"contentUrl\":\"https:\/\/prana-lifestyle.com\/wp-content\/uploads\/2023\/12\/Logo-PNG-39.png\",\"width\":1173,\"height\":337,\"caption\":\"Prana Lifestyle\"},\"image\":{\"@id\":\"https:\/\/prana-lifestyle.com\/#\/schema\/logo\/image\/\"},\"sameAs\":[\"https:\/\/www.instagram.com\/prana_lifestyle_barcelona\"]}]}<\/script>\n<!-- \/ Yoast SEO plugin. -->","yoast_head_json":{"title":"Unternehmen -","description":"Erfahre welche Angebote & Vorteile dein Unternehmen mithilfe von Yoga, Meditation, Achtsamkeits- und Atem\u00fcbungen erzielen kann.","robots":{"index":"index","follow":"follow","max-snippet":"max-snippet:-1","max-image-preview":"max-image-preview:large","max-video-preview":"max-video-preview:-1"},"canonical":"https:\/\/prana-lifestyle.com\/es\/unternehmen\/","og_locale":"es_ES","og_type":"article","og_title":"Unternehmen -","og_description":"Erfahre welche Angebote & Vorteile dein Unternehmen mithilfe von Yoga, Meditation, Achtsamkeits- und Atem\u00fcbungen erzielen kann.","og_url":"https:\/\/prana-lifestyle.com\/es\/unternehmen\/","article_modified_time":"2025-09-25T14:02:52+00:00","og_image":[{"width":683,"height":1024,"url":"https:\/\/prana-lifestyle.com\/wp-content\/uploads\/2024\/03\/cba2c98e-5705-45b2-8db8-035ee0eb82a1.jpg","type":"image\/jpeg"}],"twitter_card":"summary_large_image","twitter_misc":{"Tiempo de lectura":"2 minutos"},"schema":{"@context":"https:\/\/schema.org","@graph":[{"@type":"WebPage","@id":"https:\/\/prana-lifestyle.com\/unternehmen\/","url":"https:\/\/prana-lifestyle.com\/unternehmen\/","name":"Unternehmen -","isPartOf":{"@id":"https:\/\/prana-lifestyle.com\/#website"},"primaryImageOfPage":{"@id":"https:\/\/prana-lifestyle.com\/unternehmen\/#primaryimage"},"image":{"@id":"https:\/\/prana-lifestyle.com\/unternehmen\/#primaryimage"},"thumbnailUrl":"https:\/\/prana-lifestyle.com\/wp-content\/uploads\/2024\/03\/cba2c98e-5705-45b2-8db8-035ee0eb82a1.jpg","datePublished":"2024-03-08T19:19:46+00:00","dateModified":"2025-09-25T14:02:52+00:00","description":"Erfahre welche Angebote & Vorteile dein Unternehmen mithilfe von Yoga, Meditation, Achtsamkeits- und Atem\u00fcbungen erzielen kann.","inLanguage":"es","potentialAction":[{"@type":"ReadAction","target":["https:\/\/prana-lifestyle.com\/unternehmen\/"]}]},{"@type":"ImageObject","inLanguage":"es","@id":"https:\/\/prana-lifestyle.com\/unternehmen\/#primaryimage","url":"https:\/\/prana-lifestyle.com\/wp-content\/uploads\/2024\/03\/cba2c98e-5705-45b2-8db8-035ee0eb82a1.jpg","contentUrl":"https:\/\/prana-lifestyle.com\/wp-content\/uploads\/2024\/03\/cba2c98e-5705-45b2-8db8-035ee0eb82a1.jpg"},{"@type":"WebSite","@id":"https:\/\/prana-lifestyle.com\/#website","url":"https:\/\/prana-lifestyle.com\/","name":"\u092a\u094d\u0930\u093e\u0923 - Prana Lifestyle","description":"Yoga, workshops, meditation in Barcelona &amp; online","publisher":{"@id":"https:\/\/prana-lifestyle.com\/#organization"},"potentialAction":[{"@type":"SearchAction","target":{"@type":"EntryPoint","urlTemplate":"https:\/\/prana-lifestyle.com\/?s={search_term_string}"},"query-input":{"@type":"PropertyValueSpecification","valueRequired":true,"valueName":"search_term_string"}}],"inLanguage":"es"},{"@type":"Organization","@id":"https:\/\/prana-lifestyle.com\/#organization","name":"Prana Lifestyle","url":"https:\/\/prana-lifestyle.com\/","logo":{"@type":"ImageObject","inLanguage":"es","@id":"https:\/\/prana-lifestyle.com\/#\/schema\/logo\/image\/","url":"https:\/\/prana-lifestyle.com\/wp-content\/uploads\/2023\/12\/Logo-PNG-39.png","contentUrl":"https:\/\/prana-lifestyle.com\/wp-content\/uploads\/2023\/12\/Logo-PNG-39.png","width":1173,"height":337,"caption":"Prana Lifestyle"},"image":{"@id":"https:\/\/prana-lifestyle.com\/#\/schema\/logo\/image\/"},"sameAs":["https:\/\/www.instagram.com\/prana_lifestyle_barcelona"]}]}},"_links":{"self":[{"href":"https:\/\/prana-lifestyle.com\/es\/wp-json\/wp\/v2\/pages\/390","targetHints":{"allow":["GET"]}}],"collection":[{"href":"https:\/\/prana-lifestyle.com\/es\/wp-json\/wp\/v2\/pages"}],"about":[{"href":"https:\/\/prana-lifestyle.com\/es\/wp-json\/wp\/v2\/types\/page"}],"author":[{"embeddable":true,"href":"https:\/\/prana-lifestyle.com\/es\/wp-json\/wp\/v2\/users\/1"}],"replies":[{"embeddable":true,"href":"https:\/\/prana-lifestyle.com\/es\/wp-json\/wp\/v2\/comments?post=390"}],"version-history":[{"count":43,"href":"https:\/\/prana-lifestyle.com\/es\/wp-json\/wp\/v2\/pages\/390\/revisions"}],"predecessor-version":[{"id":1416,"href":"https:\/\/prana-lifestyle.com\/es\/wp-json\/wp\/v2\/pages\/390\/revisions\/1416"}],"wp:attachment":[{"href":"https:\/\/prana-lifestyle.com\/es\/wp-json\/wp\/v2\/media?parent=390"}],"curies":[{"name":"wp","href":"https:\/\/api.w.org\/{rel}","templated":true}]}}