{"id":430,"date":"2024-03-09T16:56:51","date_gmt":"2024-03-09T15:56:51","guid":{"rendered":"https:\/\/prana-lifestyle.com\/?page_id=430"},"modified":"2025-10-23T12:02:30","modified_gmt":"2025-10-23T10:02:30","slug":"ueber-mich","status":"publish","type":"page","link":"https:\/\/prana-lifestyle.com\/es\/ueber-mich\/","title":{"rendered":"El camino sobre m\u00ed y el yoga"},"content":{"rendered":"<h1 class=\"wp-block-heading alignfull has-text-align-center is-style-asterisk has-custom-color-1-color has-text-color has-link-color has-arapey-font-family has-xx-large-font-size wp-elements-cc590930f96c95064a88eecd95d5de48\">Ingrid Szilagyi - \u00bfC\u00f3mo empezar de nuevo?<\/h1>\n\n\n\n<p class=\"has-text-align-center has-arapey-font-family has-x-large-font-size\">El camino sobre m\u00ed y el <a href=\"https:\/\/prana-lifestyle.com\/es\/yoga\/\">Yoga<\/a><\/p>\n\n\n\n<div style=\"height:65px\" aria-hidden=\"true\" class=\"wp-block-spacer\"><\/div>\n\n\n\n<div class=\"wp-block-group is-vertical is-nowrap is-layout-flex wp-container-core-group-is-layout-c51dc2c8 wp-block-group-is-layout-flex\" style=\"margin-top:0;margin-bottom:0;padding-right:0;padding-left:0\">\n<div class=\"wp-block-columns is-layout-flex wp-container-core-columns-is-layout-28f84493 wp-block-columns-is-layout-flex\">\n<div class=\"wp-block-column is-layout-flow wp-block-column-is-layout-flow\" style=\"flex-basis:50%\">\n<h2 class=\"wp-block-heading alignwide has-text-align-center has-custom-color-1-color has-text-color has-link-color has-arapey-font-family has-large-font-size wp-elements-914c8ee8ae9f6d8a1bec565df387e335\" style=\"margin-top:0;margin-bottom:var(--wp--preset--spacing--10)\">\u00a1Empecemos!<\/h2>\n\n\n\n<p class=\"has-text-align-center has-medium-font-size\" style=\"padding-top:0;padding-right:0;padding-bottom:0;padding-left:0\">A finales de mis veintes, termin\u00e9 mi primera formaci\u00f3n como educadora y me fui de Alemania a La Gomera. All\u00ed entr\u00e9 en contacto con el yoga y la meditaci\u00f3n. Lo que esto significaba o a d\u00f3nde me llevar\u00eda no estaba claro desde el principio. Sin embargo, siempre me daba cuenta de lo renovada que me sent\u00eda despu\u00e9s de practicar. <\/p>\n<\/div>\n\n\n\n<div class=\"wp-block-column is-layout-flow wp-block-column-is-layout-flow\" style=\"flex-basis:50%\">\n<figure class=\"wp-block-image size-full is-resized is-style-rounded wp-duotone-unset-2 is-style-rounded--1\"><img loading=\"lazy\" decoding=\"async\" width=\"1920\" height=\"2560\" src=\"https:\/\/prana-lifestyle.com\/wp-content\/uploads\/2024\/04\/IMG_5232-scaled.webp\" alt=\"\" class=\"wp-image-466\" style=\"width:614px;height:auto\" srcset=\"https:\/\/prana-lifestyle.com\/wp-content\/uploads\/2024\/04\/IMG_5232-scaled.webp 1920w, https:\/\/prana-lifestyle.com\/wp-content\/uploads\/2024\/04\/IMG_5232-225x300.webp 225w, https:\/\/prana-lifestyle.com\/wp-content\/uploads\/2024\/04\/IMG_5232-768x1024.webp 768w, https:\/\/prana-lifestyle.com\/wp-content\/uploads\/2024\/04\/IMG_5232-1152x1536.webp 1152w, https:\/\/prana-lifestyle.com\/wp-content\/uploads\/2024\/04\/IMG_5232-1536x2048.webp 1536w, https:\/\/prana-lifestyle.com\/wp-content\/uploads\/2024\/04\/IMG_5232-9x12.webp 9w\" sizes=\"auto, (max-width: 1920px) 100vw, 1920px\" \/><\/figure>\n<\/div>\n<\/div>\n\n\n\n<div class=\"wp-block-columns are-vertically-aligned-center is-layout-flex wp-container-core-columns-is-layout-ef350914 wp-block-columns-is-layout-flex\" style=\"padding-top:var(--wp--preset--spacing--30);padding-bottom:var(--wp--preset--spacing--30)\">\n<div class=\"wp-block-column is-vertically-aligned-center is-layout-flow wp-block-column-is-layout-flow\">\n<h3 class=\"wp-block-heading alignwide has-text-align-center has-custom-color-1-color has-text-color has-link-color has-arapey-font-family wp-elements-4a309bae8298cfeec74204e5a8d68f62\" style=\"margin-top:0;margin-bottom:var(--wp--preset--spacing--10)\">Tiempos de cambio<\/h3>\n\n\n\n<p class=\"has-text-align-center has-medium-font-size\">Me traslad\u00e9 de las islas Canarias a Suiza, a Z\u00farich. All\u00ed continu\u00e9 con mi pr\u00e1ctica de yoga y despu\u00e9s de algunos desv\u00edos hice mi primera formaci\u00f3n de 50 horas de Yin Yoga en el<a href=\"https:\/\/www.planetyoga.ch\" target=\"_blank\" rel=\"noreferrer noopener\"> Planet Yoga<\/a>. Fue como saltar a lo m\u00e1s profundo y desde entonces no he querido salir del agua. Complet\u00e9 200 horas de formaci\u00f3n de profesor de yoga en el <a href=\"https:\/\/www.sanapurna.ch\/de\/index.php\" target=\"_blank\" rel=\"noreferrer noopener\">Sanapurna<\/a> . Luego profundic\u00e9 mi pr\u00e1ctica de Yin con otras 50 horas en Planet Yoga y finalmente, en 2022, empec\u00e9 a dar clases de Yin Yoga en el <a href=\"https:\/\/www.nandalayoga.ch\" target=\"_blank\" rel=\"noreferrer noopener\">Nandalayoga<\/a> . Tambi\u00e9n di una clase de Hatha Yoga para principiantes en la escuela donde trabajaba.<\/p>\n<\/div>\n\n\n\n<div class=\"wp-block-column is-vertically-aligned-center is-layout-flow wp-block-column-is-layout-flow\">\n<figure class=\"wp-block-image size-large is-style-rounded wp-duotone-unset-4 is-style-rounded--3\"><img loading=\"lazy\" decoding=\"async\" width=\"768\" height=\"1024\" src=\"https:\/\/prana-lifestyle.com\/wp-content\/uploads\/2025\/09\/74A3583-768x1024.jpg\" alt=\"\" class=\"wp-image-1377\" srcset=\"https:\/\/prana-lifestyle.com\/wp-content\/uploads\/2025\/09\/74A3583-768x1024.jpg 768w, https:\/\/prana-lifestyle.com\/wp-content\/uploads\/2025\/09\/74A3583-225x300.jpg 225w, https:\/\/prana-lifestyle.com\/wp-content\/uploads\/2025\/09\/74A3583-1152x1536.jpg 1152w, https:\/\/prana-lifestyle.com\/wp-content\/uploads\/2025\/09\/74A3583-1536x2048.jpg 1536w, https:\/\/prana-lifestyle.com\/wp-content\/uploads\/2025\/09\/74A3583-9x12.jpg 9w, https:\/\/prana-lifestyle.com\/wp-content\/uploads\/2025\/09\/74A3583-scaled.jpg 1920w\" sizes=\"auto, (max-width: 768px) 100vw, 768px\" \/><\/figure>\n<\/div>\n<\/div>\n\n\n\n<div class=\"wp-block-columns is-layout-flex wp-container-core-columns-is-layout-28f84493 wp-block-columns-is-layout-flex\">\n<div class=\"wp-block-column is-layout-flow wp-block-column-is-layout-flow\">\n<h3 class=\"wp-block-heading alignwide has-text-align-center has-custom-color-1-color has-text-color has-link-color has-arapey-font-family wp-elements-5611bf5766f0d39099a9bcb9d585f159\" style=\"margin-top:0;margin-bottom:var(--wp--preset--spacing--10)\">Todo cambia constantemente<\/h3>\n\n\n\n<p class=\"has-text-align-center\">Hace poco me he formado como profesora de yoga pre y postnatal durante 85 horas. Fue una experiencia maravillosa para m\u00ed y ampli\u00f3 mi horizonte.<\/p>\n\n\n\n<p class=\"has-text-align-center\">Ahora empiezo en Barcelona de nuevo.Mi camino se caracteriza por el cambio, y aunque pensemos que nada cambia, cada momento es nuevo y diferente.<\/p>\n\n\n\n<p class=\"has-text-align-center\">Agradezco a todos los profesores y alumnos que me han ayudado a encontrar mi lugar.<\/p>\n<\/div>\n\n\n\n<div class=\"wp-block-column is-layout-flow wp-block-column-is-layout-flow\">\n<figure class=\"wp-block-image size-large is-resized is-style-rounded wp-duotone-unset-6 is-style-rounded--5\"><img loading=\"lazy\" decoding=\"async\" width=\"892\" height=\"1024\" src=\"https:\/\/prana-lifestyle.com\/wp-content\/uploads\/2025\/09\/74A5179-892x1024.jpg\" alt=\"\" class=\"wp-image-1352\" style=\"aspect-ratio:9\/16;object-fit:cover;width:508px;height:auto\" srcset=\"https:\/\/prana-lifestyle.com\/wp-content\/uploads\/2025\/09\/74A5179-892x1024.jpg 892w, https:\/\/prana-lifestyle.com\/wp-content\/uploads\/2025\/09\/74A5179-261x300.jpg 261w, https:\/\/prana-lifestyle.com\/wp-content\/uploads\/2025\/09\/74A5179-768x881.jpg 768w, https:\/\/prana-lifestyle.com\/wp-content\/uploads\/2025\/09\/74A5179-1339x1536.jpg 1339w, https:\/\/prana-lifestyle.com\/wp-content\/uploads\/2025\/09\/74A5179-1785x2048.jpg 1785w, https:\/\/prana-lifestyle.com\/wp-content\/uploads\/2025\/09\/74A5179-10x12.jpg 10w\" sizes=\"auto, (max-width: 892px) 100vw, 892px\" \/><\/figure>\n<\/div>\n<\/div>\n<\/div>\n\n\n\n<div style=\"height:100px\" aria-hidden=\"true\" class=\"wp-block-spacer\"><\/div>\n\n\n\n<div class=\"wp-block-group alignfull has-custom-color-4-background-color has-background has-global-padding is-layout-constrained wp-container-core-group-is-layout-f6cc5ae6 wp-block-group-is-layout-constrained\" style=\"margin-top:0;margin-bottom:0;padding-top:var(--wp--preset--spacing--30);padding-right:var(--wp--preset--spacing--50);padding-bottom:var(--wp--preset--spacing--30);padding-left:var(--wp--preset--spacing--50)\">\n<div class=\"wp-block-group is-vertical is-content-justification-center is-layout-flex wp-container-core-group-is-layout-ce155fab wp-block-group-is-layout-flex\">\n<h2 class=\"wp-block-heading has-text-align-center is-style-asterisk has-xx-large-font-size\">Valoraciones<\/h2>\n\n\n\n<h3 class=\"wp-block-heading has-text-align-center\">\u00bfQu\u00e9 dices de m\u00ed y del yoga?<\/h3>\n<\/div>\n\n\n\n<div class=\"wp-block-cb-carousel cb-single-slide\" data-slick=\"{&quot;slidesToShow&quot;:1,&quot;slidesToScroll&quot;:1,&quot;speed&quot;:300,&quot;arrows&quot;:true,&quot;dots&quot;:true,&quot;autoplay&quot;:true,&quot;autoplaySpeed&quot;:5000,&quot;infinite&quot;:true,&quot;responsive&quot;:[{&quot;breakpoint&quot;:769,&quot;settings&quot;:{&quot;slidesToShow&quot;:1,&quot;slidesToScroll&quot;:1}}]}\">\n<div class=\"wp-block-cb-slide\">\n<div class=\"wp-block-group has-global-padding is-layout-constrained wp-block-group-is-layout-constrained\">\n<blockquote class=\"wp-block-quote has-text-align-center has-custom-color-4-background-color has-background is-layout-flow wp-block-quote-is-layout-flow\">\n<p class=\"has-text-align-left has-custom-color-4-background-color has-background has-small-font-size\">,,Soy feliz de haber conocido a Ingrid por tantos a\u00f1os. Su fuerza y generosidad se hacen sentir en su clase. Su maravillosa voz e instrumentos te acompa\u00f1an hasta alcanzar un relajamiento bell\u00edsimo. Gracias Ingrid por ser una ense\u00f1ante tan preparada y natural \ud83d\ude0a que me ha ayudado tanto en mi flexibilidad y tranquilidad&#8220;.<\/p>\n<cite><strong>Maria<\/strong><br>-Z\u00fcrich-<\/cite><\/blockquote>\n<\/div>\n<\/div>\n\n\n\n<div class=\"wp-block-cb-slide\">\n<div class=\"wp-block-group is-layout-flow wp-block-group-is-layout-flow\">\n<blockquote class=\"wp-block-quote has-text-align-center has-custom-color-4-background-color has-background is-layout-flow wp-block-quote-is-layout-flow\">\n<p class=\"has-custom-color-4-background-color has-background has-small-font-size\">,,Die Yogastunden waren immer sehr entspannt und interessant. Ich habe mich jedes mal sehr gut gef\u00fchlt am Ende der Yogastunden und die Yogalehrerin ist sehr freundlich und hilfreich. Ich w\u00fcrde sehr gerne weiterhin bei ihr ins Yoga gehen&#8220;.<\/p>\n<cite><strong>Jennifer Quartu<\/strong><br>-Z\u00fcrich-<\/cite><\/blockquote>\n<\/div>\n<\/div>\n\n\n\n<div class=\"wp-block-cb-slide\">\n<div class=\"wp-block-group has-global-padding is-layout-constrained wp-block-group-is-layout-constrained\">\n<blockquote class=\"wp-block-quote has-text-align-center has-custom-color-4-background-color has-background is-layout-flow wp-block-quote-is-layout-flow\">\n<p class=\"has-text-align-left has-custom-color-4-background-color has-background has-small-font-size\">,,Ingrid brings always a calming and welcoming energy to the room. I always felt comfortable when she was sitting on the yoga Matt and she was leading the class. Her voice during the yin yoga class is soothing, and the setting of the room makes you instantly have a cozy feeling. Her Hatha yoga classes have a nice pace and they are full of creative elements, making her classes different from the other lessons that we are used to. I can only suggest her calming and creative energy for everyone who wants to connect more with their inner experience and have a break from the stressful everyday routine&#8220;.<\/p>\n<cite><strong>Daniela<\/strong><br>-Z\u00fcrich-<\/cite><\/blockquote>\n<\/div>\n<\/div>\n\n\n\n<div class=\"wp-block-cb-slide\">\n<div class=\"wp-block-group has-global-padding is-layout-constrained wp-block-group-is-layout-constrained\">\n<blockquote class=\"wp-block-quote has-text-align-center has-custom-color-4-background-color has-background is-layout-flow wp-block-quote-is-layout-flow\">\n<p class=\"has-text-align-center has-custom-color-4-background-color has-background has-small-font-size\">,,Als absoluter Anf\u00e4nger habe ich die Yin Yoga Sessions bei Ingrid als tiefentspannend erlebt. Das abholen zu beginn \u00fcber Bewegungs Schwierigkeiten hat Ingrid bei der wahl der \u00dcbungen gekonnt ber\u00fccksichtigt. Loslassen, abtauchen und dann mit sich im reinen geht man wieder nach Hause<\/p>\n<cite><strong>Claudio R.<\/strong><br>-Z\u00fcrich-<\/cite><\/blockquote>\n<\/div>\n<\/div>\n<\/div>\n<\/div>","protected":false},"excerpt":{"rendered":"<p>Ingrid Szilagyi &#8211; Wie fange ich neu an? Der Weg \u00fcber mich und Yoga Lass uns beginnen! Mit Ende zwanzig war ich fertig mit meiner ersten Ausbildung als Erzieherin und bin aus Deutschland raus, nach La Gomera. Dort kam ich in Ber\u00fchrung mit Yoga und Meditation. Was dies zu bedeuten hat oder wo es mich [&hellip;]<\/p>","protected":false},"author":1,"featured_media":0,"parent":0,"menu_order":0,"comment_status":"closed","ping_status":"closed","template":"","meta":{"footnotes":""},"class_list":["post-430","page","type-page","status-publish","hentry"],"yoast_head":"<!-- This site is optimized with the Yoast SEO plugin v24.5 - https:\/\/yoast.com\/wordpress\/plugins\/seo\/ -->\n<title>\u00dcber mich und Yoga -<\/title>\n<meta name=\"description\" content=\"M\u00f6chtest du mehr \u00fcber mich und meinem Weg zum Yoga erfahren? Wie jeder Mensch mache ich Schritt f\u00fcr Schritt. St\u00e4ndig ist alles in Ver\u00e4nderung.\" \/>\n<meta name=\"robots\" content=\"index, follow, max-snippet:-1, max-image-preview:large, max-video-preview:-1\" \/>\n<link rel=\"canonical\" href=\"https:\/\/prana-lifestyle.com\/es\/ueber-mich\/\" \/>\n<meta property=\"og:locale\" content=\"es_ES\" \/>\n<meta property=\"og:type\" content=\"article\" \/>\n<meta property=\"og:title\" content=\"\u00dcber mich und Yoga -\" \/>\n<meta property=\"og:description\" content=\"M\u00f6chtest du mehr \u00fcber mich und meinem Weg zum Yoga erfahren? Wie jeder Mensch mache ich Schritt f\u00fcr Schritt. St\u00e4ndig ist alles in Ver\u00e4nderung.\" \/>\n<meta property=\"og:url\" content=\"https:\/\/prana-lifestyle.com\/es\/ueber-mich\/\" \/>\n<meta property=\"article:modified_time\" content=\"2025-10-23T10:02:30+00:00\" \/>\n<meta property=\"og:image\" content=\"https:\/\/prana-lifestyle.com\/wp-content\/uploads\/2024\/04\/IMG_5232-scaled.webp\" \/>\n\t<meta property=\"og:image:width\" content=\"1920\" \/>\n\t<meta property=\"og:image:height\" content=\"2560\" \/>\n\t<meta property=\"og:image:type\" content=\"image\/webp\" \/>\n<meta name=\"twitter:card\" content=\"summary_large_image\" \/>\n<meta name=\"twitter:label1\" content=\"Tiempo de lectura\" \/>\n\t<meta name=\"twitter:data1\" content=\"2 minutos\" \/>\n<script type=\"application\/ld+json\" class=\"yoast-schema-graph\">{\"@context\":\"https:\/\/schema.org\",\"@graph\":[{\"@type\":\"WebPage\",\"@id\":\"https:\/\/prana-lifestyle.com\/ueber-mich\/\",\"url\":\"https:\/\/prana-lifestyle.com\/ueber-mich\/\",\"name\":\"\u00dcber mich und Yoga -\",\"isPartOf\":{\"@id\":\"https:\/\/prana-lifestyle.com\/#website\"},\"primaryImageOfPage\":{\"@id\":\"https:\/\/prana-lifestyle.com\/ueber-mich\/#primaryimage\"},\"image\":{\"@id\":\"https:\/\/prana-lifestyle.com\/ueber-mich\/#primaryimage\"},\"thumbnailUrl\":\"https:\/\/prana-lifestyle.com\/wp-content\/uploads\/2024\/04\/IMG_5232-scaled.webp\",\"datePublished\":\"2024-03-09T15:56:51+00:00\",\"dateModified\":\"2025-10-23T10:02:30+00:00\",\"description\":\"M\u00f6chtest du mehr \u00fcber mich und meinem Weg zum Yoga erfahren? Wie jeder Mensch mache ich Schritt f\u00fcr Schritt. St\u00e4ndig ist alles in Ver\u00e4nderung.\",\"inLanguage\":\"es\",\"potentialAction\":[{\"@type\":\"ReadAction\",\"target\":[\"https:\/\/prana-lifestyle.com\/ueber-mich\/\"]}]},{\"@type\":\"ImageObject\",\"inLanguage\":\"es\",\"@id\":\"https:\/\/prana-lifestyle.com\/ueber-mich\/#primaryimage\",\"url\":\"https:\/\/prana-lifestyle.com\/wp-content\/uploads\/2024\/04\/IMG_5232-scaled.webp\",\"contentUrl\":\"https:\/\/prana-lifestyle.com\/wp-content\/uploads\/2024\/04\/IMG_5232-scaled.webp\"},{\"@type\":\"WebSite\",\"@id\":\"https:\/\/prana-lifestyle.com\/#website\",\"url\":\"https:\/\/prana-lifestyle.com\/\",\"name\":\"\u092a\u094d\u0930\u093e\u0923 - Prana Lifestyle\",\"description\":\"Yoga, workshops, meditation in Barcelona &amp; online\",\"publisher\":{\"@id\":\"https:\/\/prana-lifestyle.com\/#organization\"},\"potentialAction\":[{\"@type\":\"SearchAction\",\"target\":{\"@type\":\"EntryPoint\",\"urlTemplate\":\"https:\/\/prana-lifestyle.com\/?s={search_term_string}\"},\"query-input\":{\"@type\":\"PropertyValueSpecification\",\"valueRequired\":true,\"valueName\":\"search_term_string\"}}],\"inLanguage\":\"es\"},{\"@type\":\"Organization\",\"@id\":\"https:\/\/prana-lifestyle.com\/#organization\",\"name\":\"Prana Lifestyle\",\"url\":\"https:\/\/prana-lifestyle.com\/\",\"logo\":{\"@type\":\"ImageObject\",\"inLanguage\":\"es\",\"@id\":\"https:\/\/prana-lifestyle.com\/#\/schema\/logo\/image\/\",\"url\":\"https:\/\/prana-lifestyle.com\/wp-content\/uploads\/2023\/12\/Logo-PNG-39.png\",\"contentUrl\":\"https:\/\/prana-lifestyle.com\/wp-content\/uploads\/2023\/12\/Logo-PNG-39.png\",\"width\":1173,\"height\":337,\"caption\":\"Prana Lifestyle\"},\"image\":{\"@id\":\"https:\/\/prana-lifestyle.com\/#\/schema\/logo\/image\/\"},\"sameAs\":[\"https:\/\/www.instagram.com\/prana_lifestyle_barcelona\"]}]}<\/script>\n<!-- \/ Yoast SEO plugin. -->","yoast_head_json":{"title":"\u00dcber mich und Yoga -","description":"M\u00f6chtest du mehr \u00fcber mich und meinem Weg zum Yoga erfahren? Wie jeder Mensch mache ich Schritt f\u00fcr Schritt. St\u00e4ndig ist alles in Ver\u00e4nderung.","robots":{"index":"index","follow":"follow","max-snippet":"max-snippet:-1","max-image-preview":"max-image-preview:large","max-video-preview":"max-video-preview:-1"},"canonical":"https:\/\/prana-lifestyle.com\/es\/ueber-mich\/","og_locale":"es_ES","og_type":"article","og_title":"\u00dcber mich und Yoga -","og_description":"M\u00f6chtest du mehr \u00fcber mich und meinem Weg zum Yoga erfahren? Wie jeder Mensch mache ich Schritt f\u00fcr Schritt. St\u00e4ndig ist alles in Ver\u00e4nderung.","og_url":"https:\/\/prana-lifestyle.com\/es\/ueber-mich\/","article_modified_time":"2025-10-23T10:02:30+00:00","og_image":[{"width":1920,"height":2560,"url":"https:\/\/prana-lifestyle.com\/wp-content\/uploads\/2024\/04\/IMG_5232-scaled.webp","type":"image\/webp"}],"twitter_card":"summary_large_image","twitter_misc":{"Tiempo de lectura":"2 minutos"},"schema":{"@context":"https:\/\/schema.org","@graph":[{"@type":"WebPage","@id":"https:\/\/prana-lifestyle.com\/ueber-mich\/","url":"https:\/\/prana-lifestyle.com\/ueber-mich\/","name":"\u00dcber mich und Yoga -","isPartOf":{"@id":"https:\/\/prana-lifestyle.com\/#website"},"primaryImageOfPage":{"@id":"https:\/\/prana-lifestyle.com\/ueber-mich\/#primaryimage"},"image":{"@id":"https:\/\/prana-lifestyle.com\/ueber-mich\/#primaryimage"},"thumbnailUrl":"https:\/\/prana-lifestyle.com\/wp-content\/uploads\/2024\/04\/IMG_5232-scaled.webp","datePublished":"2024-03-09T15:56:51+00:00","dateModified":"2025-10-23T10:02:30+00:00","description":"M\u00f6chtest du mehr \u00fcber mich und meinem Weg zum Yoga erfahren? Wie jeder Mensch mache ich Schritt f\u00fcr Schritt. St\u00e4ndig ist alles in Ver\u00e4nderung.","inLanguage":"es","potentialAction":[{"@type":"ReadAction","target":["https:\/\/prana-lifestyle.com\/ueber-mich\/"]}]},{"@type":"ImageObject","inLanguage":"es","@id":"https:\/\/prana-lifestyle.com\/ueber-mich\/#primaryimage","url":"https:\/\/prana-lifestyle.com\/wp-content\/uploads\/2024\/04\/IMG_5232-scaled.webp","contentUrl":"https:\/\/prana-lifestyle.com\/wp-content\/uploads\/2024\/04\/IMG_5232-scaled.webp"},{"@type":"WebSite","@id":"https:\/\/prana-lifestyle.com\/#website","url":"https:\/\/prana-lifestyle.com\/","name":"\u092a\u094d\u0930\u093e\u0923 - Prana Lifestyle","description":"Yoga, workshops, meditation in Barcelona &amp; online","publisher":{"@id":"https:\/\/prana-lifestyle.com\/#organization"},"potentialAction":[{"@type":"SearchAction","target":{"@type":"EntryPoint","urlTemplate":"https:\/\/prana-lifestyle.com\/?s={search_term_string}"},"query-input":{"@type":"PropertyValueSpecification","valueRequired":true,"valueName":"search_term_string"}}],"inLanguage":"es"},{"@type":"Organization","@id":"https:\/\/prana-lifestyle.com\/#organization","name":"Prana Lifestyle","url":"https:\/\/prana-lifestyle.com\/","logo":{"@type":"ImageObject","inLanguage":"es","@id":"https:\/\/prana-lifestyle.com\/#\/schema\/logo\/image\/","url":"https:\/\/prana-lifestyle.com\/wp-content\/uploads\/2023\/12\/Logo-PNG-39.png","contentUrl":"https:\/\/prana-lifestyle.com\/wp-content\/uploads\/2023\/12\/Logo-PNG-39.png","width":1173,"height":337,"caption":"Prana Lifestyle"},"image":{"@id":"https:\/\/prana-lifestyle.com\/#\/schema\/logo\/image\/"},"sameAs":["https:\/\/www.instagram.com\/prana_lifestyle_barcelona"]}]}},"_links":{"self":[{"href":"https:\/\/prana-lifestyle.com\/es\/wp-json\/wp\/v2\/pages\/430","targetHints":{"allow":["GET"]}}],"collection":[{"href":"https:\/\/prana-lifestyle.com\/es\/wp-json\/wp\/v2\/pages"}],"about":[{"href":"https:\/\/prana-lifestyle.com\/es\/wp-json\/wp\/v2\/types\/page"}],"author":[{"embeddable":true,"href":"https:\/\/prana-lifestyle.com\/es\/wp-json\/wp\/v2\/users\/1"}],"replies":[{"embeddable":true,"href":"https:\/\/prana-lifestyle.com\/es\/wp-json\/wp\/v2\/comments?post=430"}],"version-history":[{"count":92,"href":"https:\/\/prana-lifestyle.com\/es\/wp-json\/wp\/v2\/pages\/430\/revisions"}],"predecessor-version":[{"id":1599,"href":"https:\/\/prana-lifestyle.com\/es\/wp-json\/wp\/v2\/pages\/430\/revisions\/1599"}],"wp:attachment":[{"href":"https:\/\/prana-lifestyle.com\/es\/wp-json\/wp\/v2\/media?parent=430"}],"curies":[{"name":"wp","href":"https:\/\/api.w.org\/{rel}","templated":true}]}}