{"id":446,"date":"2024-03-10T20:12:47","date_gmt":"2024-03-10T19:12:47","guid":{"rendered":"https:\/\/prana-lifestyle.com\/?page_id=446"},"modified":"2025-10-10T16:21:35","modified_gmt":"2025-10-10T14:21:35","slug":"meditation-pranayama","status":"publish","type":"page","link":"https:\/\/prana-lifestyle.com\/es\/meditation-pranayama\/","title":{"rendered":"Meditaci\u00f3n &amp; Pranayama"},"content":{"rendered":"<div class=\"wp-block-group alignfull is-layout-flow wp-block-group-is-layout-flow\" style=\"padding-top:0;padding-right:0;padding-bottom:0;padding-left:0\">\n<div class=\"wp-block-group is-layout-flow wp-container-core-group-is-layout-d6743c7d wp-block-group-is-layout-flow\">\n<h1 class=\"wp-block-heading has-text-align-center is-style-asterisk has-x-large-font-size\">Inhalemos y exhalemos conscientemente juntos en el momento <\/h1>\n<\/div>\n\n\n\n<div style=\"height:var(--wp--preset--spacing--30)\" aria-hidden=\"true\" class=\"wp-block-spacer\"><\/div>\n<\/div>\n\n\n\n<div class=\"wp-block-group alignfull has-custom-color-3-background-color has-background has-global-padding is-content-justification-center is-layout-constrained wp-container-core-group-is-layout-07713731 wp-block-group-is-layout-constrained\" style=\"margin-top:0;margin-bottom:0;padding-top:var(--wp--preset--spacing--50);padding-right:var(--wp--preset--spacing--50);padding-bottom:var(--wp--preset--spacing--50);padding-left:var(--wp--preset--spacing--50);background-image:url(&apos;https:\/\/prana-lifestyle.com\/wp-content\/uploads\/2025\/09\/74A3593.jpg&apos;);background-size:cover;\">\n<div class=\"wp-block-group alignfull is-vertical is-content-justification-center is-layout-flex wp-container-core-group-is-layout-52b864f0 wp-block-group-is-layout-flex\">\n<h2 class=\"wp-block-heading has-text-align-center is-style-default has-x-large-font-size\">\u00bfPor qu\u00e9 meditar y pranayama?<\/h2>\n\n\n\n<div style=\"height:0px\" aria-hidden=\"true\" class=\"wp-block-spacer wp-container-content-4f2ccadb\"><\/div>\n\n\n\n<p class=\"has-text-align-center has-custom-color-3-background-color has-background\" style=\"font-size:clamp(0.875rem, 0.875rem + ((1vw - 0.2rem) * 0.708), 1.3rem);\">La meditaci\u00f3n y el pranayama (ejercicios de respiraci\u00f3n) nos ayudan a sentir nuestro cuerpo y a estar en el momento.<\/p>\n<\/div>\n\n\n\n<div style=\"margin-top:0;margin-bottom:0;height:var(--wp--preset--spacing--40)\" aria-hidden=\"true\" class=\"wp-block-spacer\"><\/div>\n\n\n\n<div class=\"wp-block-columns alignwide is-layout-flex wp-container-core-columns-is-layout-d0bbbce0 wp-block-columns-is-layout-flex\">\n<div class=\"wp-block-column is-layout-flow wp-container-core-column-is-layout-e3d1c41b wp-block-column-is-layout-flow\">\n<h3 class=\"wp-block-heading has-text-align-left is-style-default has-custom-color-3-background-color has-background has-body-font-family has-medium-font-size\" style=\"font-style:normal;font-weight:600\">Relajaci\u00f3n<\/h3>\n\n\n\n<p class=\"has-text-align-left has-custom-color-3-background-color has-background has-small-font-size\">Sumergirse en el silencio, encontrar la paz interior. Una sensaci\u00f3n de ligereza se libera en tu cuerpo. Con cada respiraci\u00f3n, ayudas a tu mente y a tu cuerpo a relajarse m\u00e1s.<\/p>\n<\/div>\n\n\n\n<div class=\"wp-block-column is-layout-flow wp-container-core-column-is-layout-e3d1c41b wp-block-column-is-layout-flow\">\n<h3 class=\"wp-block-heading has-text-align-left is-style-default has-custom-color-3-background-color has-background has-body-font-family has-medium-font-size\" style=\"font-style:normal;font-weight:600\">Enfoque<\/h3>\n\n\n\n<p class=\"has-text-align-left has-custom-color-3-background-color has-background has-small-font-size\">Centra tu atenci\u00f3n en la actividad y no te dejes llevar por la mente. Dejo que mis pensamientos pasen como nubes y observo sin juzgar.<\/p>\n<\/div>\n\n\n\n<div class=\"wp-block-column is-layout-flow wp-container-core-column-is-layout-e3d1c41b wp-block-column-is-layout-flow\">\n<h3 class=\"wp-block-heading has-text-align-left is-style-default has-custom-color-3-background-color has-background has-body-font-family has-medium-font-size\" style=\"font-style:normal;font-weight:600\">Ad\u00e9ntrate en ti mismo <\/h3>\n\n\n\n<p class=\"has-text-align-left has-custom-color-3-background-color has-background has-small-font-size\">Dirige tu mirada hacia tu interior y no te dejes influir por los est\u00edmulos externos. Explora tu interior, entra en contacto contigo mismo y descubre m\u00e1s sobre tu verdadero yo.<\/p>\n<\/div>\n<\/div>\n\n\n\n<div style=\"height:var(--wp--preset--spacing--20)\" aria-hidden=\"true\" class=\"wp-block-spacer\"><\/div>\n\n\n\n<div class=\"wp-block-columns alignwide is-layout-flex wp-container-core-columns-is-layout-d0bbbce0 wp-block-columns-is-layout-flex\">\n<div class=\"wp-block-column is-layout-flow wp-container-core-column-is-layout-e3d1c41b wp-block-column-is-layout-flow\">\n<h3 class=\"wp-block-heading has-text-align-left is-style-default has-custom-color-3-background-color has-background has-body-font-family has-medium-font-size\" style=\"font-style:normal;font-weight:600\">Ser consciente del momento<\/h3>\n\n\n\n<p class=\"has-text-align-left has-custom-color-3-background-color has-background has-small-font-size\">Los pensamientos suelen girar en torno al pasado o al futuro. Estemos conscientemente en el momento, en el aqu\u00ed y ahora.<\/p>\n<\/div>\n\n\n\n<div class=\"wp-block-column is-layout-flow wp-container-core-column-is-layout-e3d1c41b wp-block-column-is-layout-flow\">\n<h3 class=\"wp-block-heading has-text-align-left is-style-default has-custom-color-3-background-color has-background has-body-font-family has-medium-font-size\" style=\"font-style:normal;font-weight:600\">Percepci\u00f3n<\/h3>\n\n\n\n<p class=\"has-text-align-left has-custom-color-3-background-color has-background has-small-font-size\">S\u00e9 paciente contigo mismo, lleva tiempo reeducar tu percepci\u00f3n y sentir los resultados en tu propio cuerpo.<\/p>\n<\/div>\n\n\n\n<div class=\"wp-block-column is-layout-flow wp-container-core-column-is-layout-e3d1c41b wp-block-column-is-layout-flow\">\n<h3 class=\"wp-block-heading has-text-align-left is-style-default has-custom-color-3-background-color has-background has-body-font-family has-medium-font-size\" style=\"font-style:normal;font-weight:600\">Liberaci\u00f3n<\/h3>\n\n\n\n<p class=\"has-text-align-left has-custom-color-3-background-color has-background has-small-font-size\">Dejar ir los pensamientos a los cuales nos atamos y que nos bloquean. No dejes que tus pensamientos den vueltas en c\u00edrculos, lib\u00e9rate de esta carga.<\/p>\n<\/div>\n<\/div>\n\n\n\n<div style=\"height:100px\" aria-hidden=\"true\" class=\"wp-block-spacer\"><\/div>\n\n\n\n<div class=\"wp-block-columns alignwide is-layout-flex wp-container-core-columns-is-layout-570f9a45 wp-block-columns-is-layout-flex\" style=\"padding-right:0;padding-left:0\">\n<div class=\"wp-block-column is-layout-flow wp-block-column-is-layout-flow\" style=\"flex-basis:25%\">\n<p class=\"has-custom-color-5-background-color has-background\" style=\"margin-top:0;margin-right:0;margin-bottom:0;margin-left:0;font-size:clamp(0.875rem, 0.875rem + ((1vw - 0.2rem) * 0.375), 1.1rem);\"><strong>Inscr\u00edbete para respirar conscientemente en el momento y meditar juntos.<\/strong><\/p>\n\n\n\n<div class=\"wp-block-buttons is-content-justification-center is-layout-flex wp-container-core-buttons-is-layout-23a043ba wp-block-buttons-is-layout-flex\">\n<div class=\"wp-block-button has-custom-width wp-block-button__width-75\"><a class=\"wp-block-button__link has-medium-font-size has-custom-font-size wp-element-button\" href=\"https:\/\/buy.stripe.com\/8wMbLA2of6Ax4GA6oo\" style=\"padding-top:var(--wp--preset--spacing--10);padding-bottom:var(--wp--preset--spacing--10)\" target=\"_blank\" rel=\"noreferrer noopener\">Registrarse<\/a><\/div>\n<\/div>\n<\/div>\n<\/div>\n<\/div>\n\n\n\n<p><\/p>","protected":false},"excerpt":{"rendered":"<p>Lass uns zusammen bewusst in den Moment ein und ausatmen Warum meditieren &amp; pranayamas? Meditation und Pranayamas (Atem\u00fcbungen) helfen unseren K\u00f6rper zu sp\u00fcren und im Moment zu sein. Entspannung Ankommen in die Stille, zu innerer Ruhe kommen. Ein Gef\u00fchl der Unbeschwertheit wird in deinen K\u00f6rper freigesetzt. Mit jeder Atmung hilfst du, deinen Geist und K\u00f6rper [&hellip;]<\/p>","protected":false},"author":1,"featured_media":0,"parent":0,"menu_order":0,"comment_status":"closed","ping_status":"closed","template":"","meta":{"footnotes":""},"class_list":["post-446","page","type-page","status-publish","hentry"],"yoast_head":"<!-- This site is optimized with the Yoast SEO plugin v24.5 - https:\/\/yoast.com\/wordpress\/plugins\/seo\/ -->\n<title>Meditation &amp; Pranayama -<\/title>\n<meta name=\"description\" content=\"Lass uns zusammen meditieren und komm zu Ruhe durch Atem\u00fcbungen, die dich mit dem Hier und Jetzt Verbinden.\" \/>\n<meta name=\"robots\" content=\"index, follow, max-snippet:-1, max-image-preview:large, max-video-preview:-1\" \/>\n<link rel=\"canonical\" href=\"https:\/\/prana-lifestyle.com\/es\/meditation-pranayama\/\" \/>\n<meta property=\"og:locale\" content=\"es_ES\" \/>\n<meta property=\"og:type\" content=\"article\" \/>\n<meta property=\"og:title\" content=\"Meditation &amp; Pranayama -\" \/>\n<meta property=\"og:description\" content=\"Lass uns zusammen meditieren und komm zu Ruhe durch Atem\u00fcbungen, die dich mit dem Hier und Jetzt Verbinden.\" \/>\n<meta property=\"og:url\" content=\"https:\/\/prana-lifestyle.com\/es\/meditation-pranayama\/\" \/>\n<meta property=\"article:modified_time\" content=\"2025-10-10T14:21:35+00:00\" \/>\n<meta name=\"twitter:card\" content=\"summary_large_image\" \/>\n<meta name=\"twitter:label1\" content=\"Tiempo de lectura\" \/>\n\t<meta name=\"twitter:data1\" content=\"1 minuto\" \/>\n<script type=\"application\/ld+json\" class=\"yoast-schema-graph\">{\"@context\":\"https:\/\/schema.org\",\"@graph\":[{\"@type\":\"WebPage\",\"@id\":\"https:\/\/prana-lifestyle.com\/meditation-pranayama\/\",\"url\":\"https:\/\/prana-lifestyle.com\/meditation-pranayama\/\",\"name\":\"Meditation & Pranayama -\",\"isPartOf\":{\"@id\":\"https:\/\/prana-lifestyle.com\/#website\"},\"datePublished\":\"2024-03-10T19:12:47+00:00\",\"dateModified\":\"2025-10-10T14:21:35+00:00\",\"description\":\"Lass uns zusammen meditieren und komm zu Ruhe durch Atem\u00fcbungen, die dich mit dem Hier und Jetzt Verbinden.\",\"inLanguage\":\"es\",\"potentialAction\":[{\"@type\":\"ReadAction\",\"target\":[\"https:\/\/prana-lifestyle.com\/meditation-pranayama\/\"]}]},{\"@type\":\"WebSite\",\"@id\":\"https:\/\/prana-lifestyle.com\/#website\",\"url\":\"https:\/\/prana-lifestyle.com\/\",\"name\":\"\u092a\u094d\u0930\u093e\u0923 - Prana Lifestyle\",\"description\":\"Yoga, workshops, meditation in Barcelona &amp; online\",\"publisher\":{\"@id\":\"https:\/\/prana-lifestyle.com\/#organization\"},\"potentialAction\":[{\"@type\":\"SearchAction\",\"target\":{\"@type\":\"EntryPoint\",\"urlTemplate\":\"https:\/\/prana-lifestyle.com\/?s={search_term_string}\"},\"query-input\":{\"@type\":\"PropertyValueSpecification\",\"valueRequired\":true,\"valueName\":\"search_term_string\"}}],\"inLanguage\":\"es\"},{\"@type\":\"Organization\",\"@id\":\"https:\/\/prana-lifestyle.com\/#organization\",\"name\":\"Prana Lifestyle\",\"url\":\"https:\/\/prana-lifestyle.com\/\",\"logo\":{\"@type\":\"ImageObject\",\"inLanguage\":\"es\",\"@id\":\"https:\/\/prana-lifestyle.com\/#\/schema\/logo\/image\/\",\"url\":\"https:\/\/prana-lifestyle.com\/wp-content\/uploads\/2023\/12\/Logo-PNG-39.png\",\"contentUrl\":\"https:\/\/prana-lifestyle.com\/wp-content\/uploads\/2023\/12\/Logo-PNG-39.png\",\"width\":1173,\"height\":337,\"caption\":\"Prana Lifestyle\"},\"image\":{\"@id\":\"https:\/\/prana-lifestyle.com\/#\/schema\/logo\/image\/\"},\"sameAs\":[\"https:\/\/www.instagram.com\/prana_lifestyle_barcelona\"]}]}<\/script>\n<!-- \/ Yoast SEO plugin. -->","yoast_head_json":{"title":"Meditation & Pranayama -","description":"Lass uns zusammen meditieren und komm zu Ruhe durch Atem\u00fcbungen, die dich mit dem Hier und Jetzt Verbinden.","robots":{"index":"index","follow":"follow","max-snippet":"max-snippet:-1","max-image-preview":"max-image-preview:large","max-video-preview":"max-video-preview:-1"},"canonical":"https:\/\/prana-lifestyle.com\/es\/meditation-pranayama\/","og_locale":"es_ES","og_type":"article","og_title":"Meditation & Pranayama -","og_description":"Lass uns zusammen meditieren und komm zu Ruhe durch Atem\u00fcbungen, die dich mit dem Hier und Jetzt Verbinden.","og_url":"https:\/\/prana-lifestyle.com\/es\/meditation-pranayama\/","article_modified_time":"2025-10-10T14:21:35+00:00","twitter_card":"summary_large_image","twitter_misc":{"Tiempo de lectura":"1 minuto"},"schema":{"@context":"https:\/\/schema.org","@graph":[{"@type":"WebPage","@id":"https:\/\/prana-lifestyle.com\/meditation-pranayama\/","url":"https:\/\/prana-lifestyle.com\/meditation-pranayama\/","name":"Meditation & Pranayama -","isPartOf":{"@id":"https:\/\/prana-lifestyle.com\/#website"},"datePublished":"2024-03-10T19:12:47+00:00","dateModified":"2025-10-10T14:21:35+00:00","description":"Lass uns zusammen meditieren und komm zu Ruhe durch Atem\u00fcbungen, die dich mit dem Hier und Jetzt Verbinden.","inLanguage":"es","potentialAction":[{"@type":"ReadAction","target":["https:\/\/prana-lifestyle.com\/meditation-pranayama\/"]}]},{"@type":"WebSite","@id":"https:\/\/prana-lifestyle.com\/#website","url":"https:\/\/prana-lifestyle.com\/","name":"\u092a\u094d\u0930\u093e\u0923 - Prana Lifestyle","description":"Yoga, workshops, meditation in Barcelona &amp; online","publisher":{"@id":"https:\/\/prana-lifestyle.com\/#organization"},"potentialAction":[{"@type":"SearchAction","target":{"@type":"EntryPoint","urlTemplate":"https:\/\/prana-lifestyle.com\/?s={search_term_string}"},"query-input":{"@type":"PropertyValueSpecification","valueRequired":true,"valueName":"search_term_string"}}],"inLanguage":"es"},{"@type":"Organization","@id":"https:\/\/prana-lifestyle.com\/#organization","name":"Prana Lifestyle","url":"https:\/\/prana-lifestyle.com\/","logo":{"@type":"ImageObject","inLanguage":"es","@id":"https:\/\/prana-lifestyle.com\/#\/schema\/logo\/image\/","url":"https:\/\/prana-lifestyle.com\/wp-content\/uploads\/2023\/12\/Logo-PNG-39.png","contentUrl":"https:\/\/prana-lifestyle.com\/wp-content\/uploads\/2023\/12\/Logo-PNG-39.png","width":1173,"height":337,"caption":"Prana Lifestyle"},"image":{"@id":"https:\/\/prana-lifestyle.com\/#\/schema\/logo\/image\/"},"sameAs":["https:\/\/www.instagram.com\/prana_lifestyle_barcelona"]}]}},"_links":{"self":[{"href":"https:\/\/prana-lifestyle.com\/es\/wp-json\/wp\/v2\/pages\/446","targetHints":{"allow":["GET"]}}],"collection":[{"href":"https:\/\/prana-lifestyle.com\/es\/wp-json\/wp\/v2\/pages"}],"about":[{"href":"https:\/\/prana-lifestyle.com\/es\/wp-json\/wp\/v2\/types\/page"}],"author":[{"embeddable":true,"href":"https:\/\/prana-lifestyle.com\/es\/wp-json\/wp\/v2\/users\/1"}],"replies":[{"embeddable":true,"href":"https:\/\/prana-lifestyle.com\/es\/wp-json\/wp\/v2\/comments?post=446"}],"version-history":[{"count":37,"href":"https:\/\/prana-lifestyle.com\/es\/wp-json\/wp\/v2\/pages\/446\/revisions"}],"predecessor-version":[{"id":1437,"href":"https:\/\/prana-lifestyle.com\/es\/wp-json\/wp\/v2\/pages\/446\/revisions\/1437"}],"wp:attachment":[{"href":"https:\/\/prana-lifestyle.com\/es\/wp-json\/wp\/v2\/media?parent=446"}],"curies":[{"name":"wp","href":"https:\/\/api.w.org\/{rel}","templated":true}]}}