{"id":52,"date":"2024-01-19T16:51:30","date_gmt":"2024-01-19T15:51:30","guid":{"rendered":"https:\/\/wp.ingrid-yoga.es\/?page_id=52"},"modified":"2025-10-10T16:20:04","modified_gmt":"2025-10-10T14:20:04","slug":"yoga","status":"publish","type":"page","link":"https:\/\/prana-lifestyle.com\/es\/yoga\/","title":{"rendered":"Yoga"},"content":{"rendered":"<h2 class=\"wp-block-heading alignwide has-text-align-center is-style-asterisk\">Descubre qu\u00e9 tipo de yoga te conviene en este momento.<\/h2>\n\n\n\n<div class=\"wp-block-group alignfull has-global-padding is-layout-constrained wp-container-core-group-is-layout-df7bf7ea wp-block-group-is-layout-constrained\" style=\"padding-top:var(--wp--preset--spacing--40);padding-right:var(--wp--preset--spacing--50);padding-bottom:var(--wp--preset--spacing--40);padding-left:var(--wp--preset--spacing--50)\">\n<div class=\"wp-block-columns alignwide is-layout-flex wp-container-core-columns-is-layout-503e4ba5 wp-block-columns-is-layout-flex\" style=\"margin-top:0;margin-bottom:0\">\n<div class=\"wp-block-column is-layout-flow wp-container-core-column-is-layout-82d4dbda wp-block-column-is-layout-flow\" style=\"padding-top:0;padding-bottom:0\">\n<h1 class=\"wp-block-heading has-text-align-center is-style-asterisk has-arapey-font-family has-large-font-size\">Hatha Yoga<\/h1>\n\n\n\n<figure class=\"wp-block-image size-full is-style-rounded wp-duotone-unset-2 is-style-rounded--1\"><img loading=\"lazy\" decoding=\"async\" width=\"667\" height=\"1000\" src=\"https:\/\/prana-lifestyle.com\/wp-content\/uploads\/2025\/02\/IMG_9029-Kopie.jpg\" alt=\"\" class=\"wp-image-1077\" style=\"aspect-ratio:4\/3;object-fit:cover\" srcset=\"https:\/\/prana-lifestyle.com\/wp-content\/uploads\/2025\/02\/IMG_9029-Kopie.jpg 667w, https:\/\/prana-lifestyle.com\/wp-content\/uploads\/2025\/02\/IMG_9029-Kopie-200x300.jpg 200w, https:\/\/prana-lifestyle.com\/wp-content\/uploads\/2025\/02\/IMG_9029-Kopie-8x12.jpg 8w\" sizes=\"auto, (max-width: 667px) 100vw, 667px\" \/><\/figure>\n\n\n\n<p class=\"has-text-align-center has-homemade-apple-font-family\" style=\"margin-right:0;margin-left:0\"><strong>Pr\u00e1ctica de yoga activadora, energizante y c\u00e1lida.<\/strong><\/p>\n\n\n\n<p class=\"has-text-align-center\" style=\"margin-right:0;margin-left:0\">Asanas, pranayama, mudra, mantra y shavasana ayudan a equilibrar cuerpo y mente.<\/p>\n<\/div>\n\n\n\n<div class=\"wp-block-column is-layout-flow wp-container-core-column-is-layout-a6ef5308 wp-block-column-is-layout-flow\" style=\"padding-top:0\">\n<h1 class=\"wp-block-heading has-text-align-center is-style-asterisk has-arapey-font-family has-large-font-size\">Yin Yoga<\/h1>\n\n\n\n<figure class=\"wp-block-image size-full is-style-rounded wp-duotone-unset-4 is-style-rounded--3\"><img loading=\"lazy\" decoding=\"async\" width=\"600\" height=\"633\" src=\"https:\/\/prana-lifestyle.com\/wp-content\/uploads\/2024\/01\/Yin-1.jpeg\" alt=\"Yin Yoga eine ruhige, passive Praxis\" class=\"wp-image-103\" style=\"aspect-ratio:1;object-fit:cover\" srcset=\"https:\/\/prana-lifestyle.com\/wp-content\/uploads\/2024\/01\/Yin-1.jpeg 600w, https:\/\/prana-lifestyle.com\/wp-content\/uploads\/2024\/01\/Yin-1-284x300.jpeg 284w, https:\/\/prana-lifestyle.com\/wp-content\/uploads\/2024\/01\/Yin-1-11x12.jpeg 11w\" sizes=\"auto, (max-width: 600px) 100vw, 600px\" \/><\/figure>\n\n\n\n<p class=\"has-homemade-apple-font-family\" style=\"margin-right:0;margin-left:0\"><strong>,,Cuando creas que te has soltado, su\u00e9ltate un poco m\u00e1s.\"<\/strong><\/p>\n\n\n\n<p class=\"has-text-align-left\" style=\"margin-right:0;margin-left:0\">El Yin Yoga es una pr\u00e1ctica tranquila y pasiva que invita a dejarse llevar. <\/p>\n<\/div>\n\n\n\n<div class=\"wp-block-column is-layout-flow wp-container-core-column-is-layout-e3d1c41b wp-block-column-is-layout-flow\">\n<h1 class=\"wp-block-heading has-text-align-center is-style-asterisk has-arapey-font-family has-large-font-size\">Yoga Pre- &amp; Posparto<\/h1>\n\n\n\n<figure class=\"wp-block-image size-full is-style-rounded wp-duotone-unset-6 is-style-rounded--5\"><img loading=\"lazy\" decoding=\"async\" width=\"1024\" height=\"683\" src=\"https:\/\/prana-lifestyle.com\/wp-content\/uploads\/2024\/01\/PrePostNatal.jpeg\" alt=\"Pr\u00e4-\/Postnatal Yoga St\u00e4rkung und Entspannung \" class=\"wp-image-95\" style=\"aspect-ratio:4\/3;object-fit:cover\" srcset=\"https:\/\/prana-lifestyle.com\/wp-content\/uploads\/2024\/01\/PrePostNatal.jpeg 1024w, https:\/\/prana-lifestyle.com\/wp-content\/uploads\/2024\/01\/PrePostNatal-300x200.jpeg 300w, https:\/\/prana-lifestyle.com\/wp-content\/uploads\/2024\/01\/PrePostNatal-768x512.jpeg 768w, https:\/\/prana-lifestyle.com\/wp-content\/uploads\/2024\/01\/PrePostNatal-18x12.jpeg 18w\" sizes=\"auto, (max-width: 1024px) 100vw, 1024px\" \/><\/figure>\n\n\n\n<p class=\"has-text-align-center has-homemade-apple-font-family\"><strong>Fortalecimiento y relajaci\u00f3n<\/strong><\/p>\n\n\n\n<p class=\"has-text-align-center\">T\u00f3mate el tiempo que necesites para ti y tambi\u00e9n para conectar con tu beb\u00e9.<\/p>\n<\/div>\n\n\n\n<div class=\"wp-block-column is-layout-flow wp-container-core-column-is-layout-e3d1c41b wp-block-column-is-layout-flow\">\n<h1 class=\"wp-block-heading has-text-align-center is-style-asterisk has-custom-color-1-color has-text-color has-link-color has-arapey-font-family has-large-font-size wp-elements-93de9c4a2c1f0af812c46dc7dd1141e7\">Yoga Nidra<\/h1>\n\n\n\n<figure class=\"wp-block-image size-full is-style-rounded wp-duotone-unset-8 is-style-rounded--7\"><img loading=\"lazy\" decoding=\"async\" width=\"1920\" height=\"2560\" src=\"https:\/\/prana-lifestyle.com\/wp-content\/uploads\/2025\/04\/IMG_7973-Kopie-scaled.jpg\" alt=\"\" class=\"wp-image-1268\" style=\"aspect-ratio:4\/3;object-fit:cover\" srcset=\"https:\/\/prana-lifestyle.com\/wp-content\/uploads\/2025\/04\/IMG_7973-Kopie-scaled.jpg 1920w, https:\/\/prana-lifestyle.com\/wp-content\/uploads\/2025\/04\/IMG_7973-Kopie-225x300.jpg 225w, https:\/\/prana-lifestyle.com\/wp-content\/uploads\/2025\/04\/IMG_7973-Kopie-768x1024.jpg 768w, https:\/\/prana-lifestyle.com\/wp-content\/uploads\/2025\/04\/IMG_7973-Kopie-1152x1536.jpg 1152w, https:\/\/prana-lifestyle.com\/wp-content\/uploads\/2025\/04\/IMG_7973-Kopie-1536x2048.jpg 1536w, https:\/\/prana-lifestyle.com\/wp-content\/uploads\/2025\/04\/IMG_7973-Kopie-9x12.jpg 9w\" sizes=\"auto, (max-width: 1920px) 100vw, 1920px\" \/><\/figure>\n\n\n\n<p class=\"has-text-align-center has-homemade-apple-font-family\"><strong>Bewusstes ausruhen<\/strong><\/p>\n\n\n\n<p class=\"has-text-align-center\">El Yoga Nidra es una t\u00e9cnica en la que te dejas acompa\u00f1ar en una meditaci\u00f3n guiada para encontrar la paz, la tranquilidad y a ti mismo. <\/p>\n<\/div>\n<\/div>\n<\/div>\n\n\n\n<div class=\"wp-block-buttons alignwide is-content-justification-space-between is-layout-flex wp-container-core-buttons-is-layout-2b0a1bd4 wp-block-buttons-is-layout-flex\" style=\"padding-top:var(--wp--preset--spacing--20);padding-right:0;padding-bottom:var(--wp--preset--spacing--20);padding-left:0\">\n<div class=\"wp-block-button has-custom-width wp-block-button__width-50\"><a class=\"wp-block-button__link has-custom-color-1-background-color has-background has-large-font-size has-custom-font-size wp-element-button\" href=\"https:\/\/prana-lifestyle.com\/es\/preise-stundenplan\/\" target=\"_blank\" rel=\"noreferrer noopener\">Precios &amp; horarios<\/a><\/div>\n\n\n\n<div class=\"wp-block-button has-custom-width wp-block-button__width-50\"><a class=\"wp-block-button__link has-custom-color-1-background-color has-background has-large-font-size has-custom-font-size wp-element-button\" href=\"https:\/\/prana-lifestyle.com\/es\/kontakt\/\" target=\"_blank\" rel=\"noreferrer noopener\">Cont\u00e1ctame<\/a><\/div>\n<\/div>\n\n\n\n<div class=\"wp-block-group alignfull has-global-padding is-layout-constrained wp-container-core-group-is-layout-669513ed wp-block-group-is-layout-constrained\" style=\"margin-top:0;margin-bottom:0;padding-top:var(--wp--preset--spacing--50);padding-right:var(--wp--preset--spacing--50);padding-bottom:var(--wp--preset--spacing--50);padding-left:var(--wp--preset--spacing--50)\">\n<div class=\"wp-block-group is-vertical is-content-justification-center is-layout-flex wp-container-core-group-is-layout-52b864f0 wp-block-group-is-layout-flex\">\n<h2 class=\"wp-block-heading has-text-align-center is-style-asterisk\">\u00bfQu\u00e9 tiene de especial el yoga en Prana Lifestyle?<\/h2>\n<\/div>\n\n\n\n<div style=\"margin-top:0;margin-bottom:0;height:var(--wp--preset--spacing--40)\" aria-hidden=\"true\" class=\"wp-block-spacer\"><\/div>\n\n\n\n<div class=\"wp-block-columns alignwide is-layout-flex wp-container-core-columns-is-layout-d0bbbce0 wp-block-columns-is-layout-flex\">\n<div class=\"wp-block-column is-layout-flow wp-container-core-column-is-layout-e3d1c41b wp-block-column-is-layout-flow\">\n<h3 class=\"wp-block-heading has-text-align-left is-style-asterisk has-body-font-family has-medium-font-size\" style=\"font-style:normal;font-weight:600\"><strong>En l\u00ednea<\/strong><\/h3>\n\n\n\n<p class=\"has-text-align-left\">Est\u00e9s donde est\u00e9s, puedes participar y mantener as\u00ed tu ritmo. Puede ser un poco m\u00e1s f\u00e1cil organizarse si participas desde casa.<\/p>\n<\/div>\n\n\n\n<div class=\"wp-block-column is-layout-flow wp-container-core-column-is-layout-e3d1c41b wp-block-column-is-layout-flow\">\n<h3 class=\"wp-block-heading has-text-align-left is-style-asterisk has-body-font-family has-medium-font-size\" style=\"font-style:normal;font-weight:600\"><strong>Comunidad<\/strong><\/h3>\n\n\n\n<p class=\"has-text-align-left\">Intercambia ideas con otros participantes, porque lo que sientes, piensas o experimentas no te ocurre s\u00f3lo a ti. Por eso dejo espacio para eso en cada clase.<\/p>\n<\/div>\n\n\n\n<div class=\"wp-block-column is-layout-flow wp-container-core-column-is-layout-e3d1c41b wp-block-column-is-layout-flow\">\n<h3 class=\"wp-block-heading has-text-align-left is-style-asterisk has-body-font-family has-medium-font-size\" style=\"font-style:normal;font-weight:600\"><strong>Clases individuales o en grupo <\/strong><\/h3>\n\n\n\n<p class=\"has-text-align-left\">El tama\u00f1o del grupo es limitado a pesar de estar en l\u00ednea.<\/p>\n\n\n\n<p>Para las clases particulares, el acompa\u00f1amiento es s\u00f3lo para ti. Por lo tanto, organizar\u00e9 la fecha y la hora de la clase a tu medida.<\/p>\n<\/div>\n<\/div>\n\n\n\n<div style=\"height:var(--wp--preset--spacing--20)\" aria-hidden=\"true\" class=\"wp-block-spacer\"><\/div>\n\n\n\n<div class=\"wp-block-columns alignwide is-layout-flex wp-container-core-columns-is-layout-d0bbbce0 wp-block-columns-is-layout-flex\">\n<div class=\"wp-block-column is-layout-flow wp-container-core-column-is-layout-e3d1c41b wp-block-column-is-layout-flow\">\n<h3 class=\"wp-block-heading has-text-align-left is-style-asterisk has-body-font-family has-medium-font-size\" style=\"font-style:normal;font-weight:600\"><strong><a href=\"https:\/\/prana-lifestyle.com\/es\/ueber-mich\/\" target=\"_blank\" rel=\"noreferrer noopener\">Ingrid Szilagyi<\/a><\/strong><\/h3>\n\n\n\n<p class=\"has-text-align-left\">Constantemente me estoy formando para asegurarme que te puedo apoyar lo mejor posible.<\/p>\n<\/div>\n\n\n\n<div class=\"wp-block-column is-layout-flow wp-container-core-column-is-layout-e3d1c41b wp-block-column-is-layout-flow\">\n<h3 class=\"wp-block-heading has-text-align-left is-style-asterisk has-body-font-family has-medium-font-size\" style=\"font-style:normal;font-weight:600\"><strong>Apoyo personal <\/strong><\/h3>\n\n\n\n<p class=\"has-text-align-left\">Para m\u00ed es importante poder acompa\u00f1ar a las mujeres. Esto significa escucharlas, compartir experiencias, proporcionarles apoyo y asesoramiento emocional.<\/p>\n<\/div>\n\n\n\n<div class=\"wp-block-column is-layout-flow wp-container-core-column-is-layout-e3d1c41b wp-block-column-is-layout-flow\">\n<div class=\"wp-block-buttons is-content-justification-center is-layout-flex wp-container-core-buttons-is-layout-a89b3969 wp-block-buttons-is-layout-flex\"><\/div>\n\n\n\n<div class=\"wp-block-buttons is-content-justification-center is-layout-flex wp-container-core-buttons-is-layout-1fb448e7 wp-block-buttons-is-layout-flex\">\n<div class=\"wp-block-button has-custom-width wp-block-button__width-50\"><a class=\"wp-block-button__link wp-element-button\" href=\"https:\/\/buy.stripe.com\/14k8zogf5f73a0U289\" target=\"_blank\" rel=\"noreferrer noopener\">Me gustar\u00eda probar una clase.<\/a><\/div>\n<\/div>\n<\/div>\n<\/div>\n<\/div>\n\n\n\n<div class=\"wp-block-group alignfull has-custom-color-2-background-color has-background has-global-padding is-layout-constrained wp-container-core-group-is-layout-669513ed wp-block-group-is-layout-constrained\" style=\"margin-top:0;margin-bottom:0;padding-top:var(--wp--preset--spacing--50);padding-right:var(--wp--preset--spacing--50);padding-bottom:var(--wp--preset--spacing--50);padding-left:var(--wp--preset--spacing--50)\">\n<div class=\"wp-block-group is-vertical is-content-justification-center is-layout-flex wp-container-core-group-is-layout-ce155fab wp-block-group-is-layout-flex\">\n<h2 class=\"wp-block-heading has-text-align-center is-style-asterisk has-xx-large-font-size wp-container-content-9cfa9a5a\">Aqu\u00ed estoy dando clases<\/h2>\n\n\n\n<p class=\"has-text-align-center has-medium-font-size\">Ven y vive tu propia experiencia.<\/p>\n<\/div>\n\n\n\n<div style=\"height:var(--wp--preset--spacing--30)\" aria-hidden=\"true\" class=\"wp-block-spacer\"><\/div>\n\n\n\n<div class=\"wp-block-columns alignwide is-layout-flex wp-container-core-columns-is-layout-4935966c wp-block-columns-is-layout-flex\" style=\"padding-right:0;padding-left:0\">\n<div class=\"wp-block-column is-layout-flow wp-block-column-is-layout-flow\">\n<figure class=\"wp-block-image aligncenter size-large is-resized is-style-rounded wp-duotone-unset-10 is-style-rounded--9\"><img loading=\"lazy\" decoding=\"async\" width=\"688\" height=\"1024\" src=\"https:\/\/prana-lifestyle.com\/wp-content\/uploads\/2025\/09\/Bildschirmfoto-2025-09-13-um-18.09.08.jpeg-688x1024.png\" alt=\"\" class=\"wp-image-1299\" style=\"object-fit:cover;width:400px;height:400px\" srcset=\"https:\/\/prana-lifestyle.com\/wp-content\/uploads\/2025\/09\/Bildschirmfoto-2025-09-13-um-18.09.08.jpeg-688x1024.png 688w, https:\/\/prana-lifestyle.com\/wp-content\/uploads\/2025\/09\/Bildschirmfoto-2025-09-13-um-18.09.08.jpeg-201x300.png 201w, https:\/\/prana-lifestyle.com\/wp-content\/uploads\/2025\/09\/Bildschirmfoto-2025-09-13-um-18.09.08.jpeg-768x1144.png 768w, https:\/\/prana-lifestyle.com\/wp-content\/uploads\/2025\/09\/Bildschirmfoto-2025-09-13-um-18.09.08.jpeg-8x12.png 8w, https:\/\/prana-lifestyle.com\/wp-content\/uploads\/2025\/09\/Bildschirmfoto-2025-09-13-um-18.09.08.jpeg.png 1000w\" sizes=\"auto, (max-width: 688px) 100vw, 688px\" \/><\/figure>\n\n\n\n<div class=\"wp-block-group is-vertical is-content-justification-center is-nowrap is-layout-flex wp-container-core-group-is-layout-63bfd6c1 wp-block-group-is-layout-flex\">\n<p class=\"has-text-align-center has-large-font-size\"><strong><a href=\"https:\/\/www.espaisacra.com\" target=\"_blank\" rel=\"noreferrer noopener\">Espai Sacra<\/a><\/strong><\/p>\n\n\n\n<p class=\"has-text-align-center has-medium-font-size\">Terrassa<\/p>\n<\/div>\n<\/div>\n<\/div>\n<\/div>","protected":false},"excerpt":{"rendered":"<p>Finde heraus, welches Yoga du im Moment gebrauchen kannst. Hatha Yoga Yogapraxis die aktivierend, energetisch, w\u00e4rmen ist. Mit Hilfe von Asanas, Pranayama, Mudra, Mantra und Shavasana kommen dein K\u00f6rper und Geist ins Gleichgewicht. Yin Yoga ,,Wenn du denkst, du hast losgelassen, lass noch mehr los.&#8220; Yin Yoga eine ruhige, passive Praxis und soll zum Loslassen [&hellip;]<\/p>","protected":false},"author":1,"featured_media":0,"parent":0,"menu_order":0,"comment_status":"closed","ping_status":"closed","template":"","meta":{"footnotes":""},"class_list":["post-52","page","type-page","status-publish","hentry"],"yoast_head":"<!-- This site is optimized with the Yoast SEO plugin v24.5 - https:\/\/yoast.com\/wordpress\/plugins\/seo\/ -->\n<title>Yoga -<\/title>\n<meta name=\"description\" content=\"Bringe deinen Geist und K\u00f6rper mit Hilfe von Yoga ins Gleichgewicht. Ob Hatha, Yin oder Pr\u00e4-\/Posnatal Yoga, finde das passende f\u00fcr dich.\" \/>\n<meta name=\"robots\" content=\"index, follow, max-snippet:-1, max-image-preview:large, max-video-preview:-1\" \/>\n<link rel=\"canonical\" href=\"https:\/\/prana-lifestyle.com\/es\/yoga\/\" \/>\n<meta property=\"og:locale\" content=\"es_ES\" \/>\n<meta property=\"og:type\" content=\"article\" \/>\n<meta property=\"og:title\" content=\"Yoga -\" \/>\n<meta property=\"og:description\" content=\"Bringe deinen Geist und K\u00f6rper mit Hilfe von Yoga ins Gleichgewicht. Ob Hatha, Yin oder Pr\u00e4-\/Posnatal Yoga, finde das passende f\u00fcr dich.\" \/>\n<meta property=\"og:url\" content=\"https:\/\/prana-lifestyle.com\/es\/yoga\/\" \/>\n<meta property=\"article:modified_time\" content=\"2025-10-10T14:20:04+00:00\" \/>\n<meta property=\"og:image\" content=\"https:\/\/prana-lifestyle.com\/wp-content\/uploads\/2025\/02\/IMG_9029-Kopie.jpg\" \/>\n\t<meta property=\"og:image:width\" content=\"667\" \/>\n\t<meta property=\"og:image:height\" content=\"1000\" \/>\n\t<meta property=\"og:image:type\" content=\"image\/jpeg\" \/>\n<meta name=\"twitter:card\" content=\"summary_large_image\" \/>\n<meta name=\"twitter:label1\" content=\"Tiempo de lectura\" \/>\n\t<meta name=\"twitter:data1\" content=\"3 minutos\" \/>\n<script type=\"application\/ld+json\" class=\"yoast-schema-graph\">{\"@context\":\"https:\/\/schema.org\",\"@graph\":[{\"@type\":\"WebPage\",\"@id\":\"https:\/\/prana-lifestyle.com\/yoga\/\",\"url\":\"https:\/\/prana-lifestyle.com\/yoga\/\",\"name\":\"Yoga -\",\"isPartOf\":{\"@id\":\"https:\/\/prana-lifestyle.com\/#website\"},\"primaryImageOfPage\":{\"@id\":\"https:\/\/prana-lifestyle.com\/yoga\/#primaryimage\"},\"image\":{\"@id\":\"https:\/\/prana-lifestyle.com\/yoga\/#primaryimage\"},\"thumbnailUrl\":\"https:\/\/prana-lifestyle.com\/wp-content\/uploads\/2025\/02\/IMG_9029-Kopie.jpg\",\"datePublished\":\"2024-01-19T15:51:30+00:00\",\"dateModified\":\"2025-10-10T14:20:04+00:00\",\"description\":\"Bringe deinen Geist und K\u00f6rper mit Hilfe von Yoga ins Gleichgewicht. Ob Hatha, Yin oder Pr\u00e4-\/Posnatal Yoga, finde das passende f\u00fcr dich.\",\"inLanguage\":\"es\",\"potentialAction\":[{\"@type\":\"ReadAction\",\"target\":[\"https:\/\/prana-lifestyle.com\/yoga\/\"]}]},{\"@type\":\"ImageObject\",\"inLanguage\":\"es\",\"@id\":\"https:\/\/prana-lifestyle.com\/yoga\/#primaryimage\",\"url\":\"https:\/\/prana-lifestyle.com\/wp-content\/uploads\/2025\/02\/IMG_9029-Kopie.jpg\",\"contentUrl\":\"https:\/\/prana-lifestyle.com\/wp-content\/uploads\/2025\/02\/IMG_9029-Kopie.jpg\"},{\"@type\":\"WebSite\",\"@id\":\"https:\/\/prana-lifestyle.com\/#website\",\"url\":\"https:\/\/prana-lifestyle.com\/\",\"name\":\"\u092a\u094d\u0930\u093e\u0923 - Prana Lifestyle\",\"description\":\"Yoga, workshops, meditation in Barcelona &amp; online\",\"publisher\":{\"@id\":\"https:\/\/prana-lifestyle.com\/#organization\"},\"potentialAction\":[{\"@type\":\"SearchAction\",\"target\":{\"@type\":\"EntryPoint\",\"urlTemplate\":\"https:\/\/prana-lifestyle.com\/?s={search_term_string}\"},\"query-input\":{\"@type\":\"PropertyValueSpecification\",\"valueRequired\":true,\"valueName\":\"search_term_string\"}}],\"inLanguage\":\"es\"},{\"@type\":\"Organization\",\"@id\":\"https:\/\/prana-lifestyle.com\/#organization\",\"name\":\"Prana Lifestyle\",\"url\":\"https:\/\/prana-lifestyle.com\/\",\"logo\":{\"@type\":\"ImageObject\",\"inLanguage\":\"es\",\"@id\":\"https:\/\/prana-lifestyle.com\/#\/schema\/logo\/image\/\",\"url\":\"https:\/\/prana-lifestyle.com\/wp-content\/uploads\/2023\/12\/Logo-PNG-39.png\",\"contentUrl\":\"https:\/\/prana-lifestyle.com\/wp-content\/uploads\/2023\/12\/Logo-PNG-39.png\",\"width\":1173,\"height\":337,\"caption\":\"Prana Lifestyle\"},\"image\":{\"@id\":\"https:\/\/prana-lifestyle.com\/#\/schema\/logo\/image\/\"},\"sameAs\":[\"https:\/\/www.instagram.com\/prana_lifestyle_barcelona\"]}]}<\/script>\n<!-- \/ Yoast SEO plugin. -->","yoast_head_json":{"title":"Yoga -","description":"Bringe deinen Geist und K\u00f6rper mit Hilfe von Yoga ins Gleichgewicht. Ob Hatha, Yin oder Pr\u00e4-\/Posnatal Yoga, finde das passende f\u00fcr dich.","robots":{"index":"index","follow":"follow","max-snippet":"max-snippet:-1","max-image-preview":"max-image-preview:large","max-video-preview":"max-video-preview:-1"},"canonical":"https:\/\/prana-lifestyle.com\/es\/yoga\/","og_locale":"es_ES","og_type":"article","og_title":"Yoga -","og_description":"Bringe deinen Geist und K\u00f6rper mit Hilfe von Yoga ins Gleichgewicht. Ob Hatha, Yin oder Pr\u00e4-\/Posnatal Yoga, finde das passende f\u00fcr dich.","og_url":"https:\/\/prana-lifestyle.com\/es\/yoga\/","article_modified_time":"2025-10-10T14:20:04+00:00","og_image":[{"width":667,"height":1000,"url":"https:\/\/prana-lifestyle.com\/wp-content\/uploads\/2025\/02\/IMG_9029-Kopie.jpg","type":"image\/jpeg"}],"twitter_card":"summary_large_image","twitter_misc":{"Tiempo de lectura":"3 minutos"},"schema":{"@context":"https:\/\/schema.org","@graph":[{"@type":"WebPage","@id":"https:\/\/prana-lifestyle.com\/yoga\/","url":"https:\/\/prana-lifestyle.com\/yoga\/","name":"Yoga -","isPartOf":{"@id":"https:\/\/prana-lifestyle.com\/#website"},"primaryImageOfPage":{"@id":"https:\/\/prana-lifestyle.com\/yoga\/#primaryimage"},"image":{"@id":"https:\/\/prana-lifestyle.com\/yoga\/#primaryimage"},"thumbnailUrl":"https:\/\/prana-lifestyle.com\/wp-content\/uploads\/2025\/02\/IMG_9029-Kopie.jpg","datePublished":"2024-01-19T15:51:30+00:00","dateModified":"2025-10-10T14:20:04+00:00","description":"Bringe deinen Geist und K\u00f6rper mit Hilfe von Yoga ins Gleichgewicht. Ob Hatha, Yin oder Pr\u00e4-\/Posnatal Yoga, finde das passende f\u00fcr dich.","inLanguage":"es","potentialAction":[{"@type":"ReadAction","target":["https:\/\/prana-lifestyle.com\/yoga\/"]}]},{"@type":"ImageObject","inLanguage":"es","@id":"https:\/\/prana-lifestyle.com\/yoga\/#primaryimage","url":"https:\/\/prana-lifestyle.com\/wp-content\/uploads\/2025\/02\/IMG_9029-Kopie.jpg","contentUrl":"https:\/\/prana-lifestyle.com\/wp-content\/uploads\/2025\/02\/IMG_9029-Kopie.jpg"},{"@type":"WebSite","@id":"https:\/\/prana-lifestyle.com\/#website","url":"https:\/\/prana-lifestyle.com\/","name":"\u092a\u094d\u0930\u093e\u0923 - Prana Lifestyle","description":"Yoga, workshops, meditation in Barcelona &amp; online","publisher":{"@id":"https:\/\/prana-lifestyle.com\/#organization"},"potentialAction":[{"@type":"SearchAction","target":{"@type":"EntryPoint","urlTemplate":"https:\/\/prana-lifestyle.com\/?s={search_term_string}"},"query-input":{"@type":"PropertyValueSpecification","valueRequired":true,"valueName":"search_term_string"}}],"inLanguage":"es"},{"@type":"Organization","@id":"https:\/\/prana-lifestyle.com\/#organization","name":"Prana Lifestyle","url":"https:\/\/prana-lifestyle.com\/","logo":{"@type":"ImageObject","inLanguage":"es","@id":"https:\/\/prana-lifestyle.com\/#\/schema\/logo\/image\/","url":"https:\/\/prana-lifestyle.com\/wp-content\/uploads\/2023\/12\/Logo-PNG-39.png","contentUrl":"https:\/\/prana-lifestyle.com\/wp-content\/uploads\/2023\/12\/Logo-PNG-39.png","width":1173,"height":337,"caption":"Prana Lifestyle"},"image":{"@id":"https:\/\/prana-lifestyle.com\/#\/schema\/logo\/image\/"},"sameAs":["https:\/\/www.instagram.com\/prana_lifestyle_barcelona"]}]}},"_links":{"self":[{"href":"https:\/\/prana-lifestyle.com\/es\/wp-json\/wp\/v2\/pages\/52","targetHints":{"allow":["GET"]}}],"collection":[{"href":"https:\/\/prana-lifestyle.com\/es\/wp-json\/wp\/v2\/pages"}],"about":[{"href":"https:\/\/prana-lifestyle.com\/es\/wp-json\/wp\/v2\/types\/page"}],"author":[{"embeddable":true,"href":"https:\/\/prana-lifestyle.com\/es\/wp-json\/wp\/v2\/users\/1"}],"replies":[{"embeddable":true,"href":"https:\/\/prana-lifestyle.com\/es\/wp-json\/wp\/v2\/comments?post=52"}],"version-history":[{"count":153,"href":"https:\/\/prana-lifestyle.com\/es\/wp-json\/wp\/v2\/pages\/52\/revisions"}],"predecessor-version":[{"id":1436,"href":"https:\/\/prana-lifestyle.com\/es\/wp-json\/wp\/v2\/pages\/52\/revisions\/1436"}],"wp:attachment":[{"href":"https:\/\/prana-lifestyle.com\/es\/wp-json\/wp\/v2\/media?parent=52"}],"curies":[{"name":"wp","href":"https:\/\/api.w.org\/{rel}","templated":true}]}}